{"id":657,"date":"2014-09-17T10:37:21","date_gmt":"2014-09-17T09:37:21","guid":{"rendered":"http:\/\/lesescholiers.fr\/wp\/?page_id=657"},"modified":"2023-09-01T16:04:02","modified_gmt":"2023-09-01T15:04:02","slug":"historique","status":"publish","type":"page","link":"https:\/\/lesescholiers.fr\/site\/historique\/","title":{"rendered":"Historique"},"content":{"rendered":"<p>Quatre potaches de l&rsquo;Ecole Sup\u00e9rieure de Gar\u00e7ons d&rsquo;Annecy, amoureux de th\u00e9\u00e2tre, vont en 1928 fonder LES ESCHOLIERS. C&rsquo;est en souvenir des textes de Fran\u00e7ois Villon qu&rsquo;ils lui donneront ce nom.<\/p>\n<p>D\u00e8s leur fondation, avec le concours de la Ville d&rsquo;Annecy, les Escholiers vont se faire un nom dans le th\u00e9\u00e2tre amateur. Ils vont tout de suite marquer les esprits, tout d&rsquo;abord par leurs metteurs en sc\u00e8ne (Savry, Paston et autres), puis dans le choix de leurs textes : Rostand, Daudet, Dosto\u00efevsky, Romain, Racine, Moli\u00e8re, etc.<\/p>\n<p>Leur fondateur Camille Mugnier va, de ses deniers, cr\u00e9er le coeur des Escholiers : le THEATRE DE L&rsquo;ECHANGE. A sa mort, la Ville continuera \u00e0 l&rsquo;entretenir.<\/p>\n<p>Par la suite, Fran\u00e7ois Lanier va porter les Escholiers jusqu&rsquo;\u00e0 son d\u00e9part vers des cieux plus cl\u00e9ments. Il sera tout d&rsquo;abord acteur, puis assurera la pr\u00e9sidence et la mise en sc\u00e8ne. Son \u00ab\u00a0r\u00e8gne\u00a0\u00bb marquera entre autre l&rsquo;ouverture vers les jeunes et vers les autres associations culturelles. Gil de Lall\u00e9e, acteur, form\u00e9 par un de nos grands anciens, Gaby Monnet, prendra sa suite pour la mise en sc\u00e8ne.<\/p>\n<p>C&rsquo;est un autre com\u00e9dien, Aymeric Chauffert, qui va en 1998 prendre sa suite. Toutes ses pi\u00e8ces ont un excellent accueil et vont faire la joie des acteurs et des spectateurs. Il excelle dans la com\u00e9die de boulevard, mais ne craint pas de se frotter tant au classique, qu&rsquo;au moderne.<\/p>\n<p>En 2014, les Escholiers proposant d\u00e9sormais deux pi\u00e8ces par an, un autre com\u00e9dien se lance dans le travail de mise en sc\u00e8ne: Bernard Walser. Il sera remplac\u00e9 par Benjamin De Rossi en 2017.<\/p>\n<p>En 2023, <a href=\"https:\/\/lesescholiers.fr\/site\/jaja\/\">Jeanine Ribolet dite jaja<\/a>, qui \u00e9tait le c\u0153ur battant des Escholiers depuis 1990 s&rsquo;est \u00e9teinte.<\/p>\n","protected":false},"excerpt":{"rendered":"<p>Quatre potaches de l&rsquo;Ecole Sup\u00e9rieure de Gar\u00e7ons d&rsquo;Annecy, amoureux de th\u00e9\u00e2tre, vont en 1928 fonder LES ESCHOLIERS. C&rsquo;est en souvenir des textes de Fran\u00e7ois Villon qu&rsquo;ils lui donneront ce nom. D\u00e8s leur fondation, avec le concours de la Ville d&rsquo;Annecy,&#8230;<\/p>\n","protected":false},"author":1,"featured_media":0,"parent":0,"menu_order":0,"comment_status":"closed","ping_status":"closed","template":"","meta":{"_exactmetrics_skip_tracking":false,"_exactmetrics_sitenote_active":false,"_exactmetrics_sitenote_note":"","_exactmetrics_sitenote_category":0,"footnotes":""},"class_list":["post-657","page","type-page","status-publish","hentry"],"_links":{"self":[{"href":"https:\/\/lesescholiers.fr\/site\/wp-json\/wp\/v2\/pages\/657","targetHints":{"allow":["GET"]}}],"collection":[{"href":"https:\/\/lesescholiers.fr\/site\/wp-json\/wp\/v2\/pages"}],"about":[{"href":"https:\/\/lesescholiers.fr\/site\/wp-json\/wp\/v2\/types\/page"}],"author":[{"embeddable":true,"href":"https:\/\/lesescholiers.fr\/site\/wp-json\/wp\/v2\/users\/1"}],"replies":[{"embeddable":true,"href":"https:\/\/lesescholiers.fr\/site\/wp-json\/wp\/v2\/comments?post=657"}],"version-history":[{"count":5,"href":"https:\/\/lesescholiers.fr\/site\/wp-json\/wp\/v2\/pages\/657\/revisions"}],"predecessor-version":[{"id":6299,"href":"https:\/\/lesescholiers.fr\/site\/wp-json\/wp\/v2\/pages\/657\/revisions\/6299"}],"wp:attachment":[{"href":"https:\/\/lesescholiers.fr\/site\/wp-json\/wp\/v2\/media?parent=657"}],"curies":[{"name":"wp","href":"https:\/\/api.w.org\/{rel}","templated":true}]}}