{"id":6525,"date":"2026-02-25T22:19:16","date_gmt":"2026-02-25T21:19:16","guid":{"rendered":"https:\/\/lesescholiers.fr\/site\/?page_id=6525"},"modified":"2026-02-26T19:53:50","modified_gmt":"2026-02-26T18:53:50","slug":"edmond","status":"publish","type":"page","link":"https:\/\/lesescholiers.fr\/site\/edmond\/","title":{"rendered":"Edmond"},"content":{"rendered":"<div class=\"wpb-content-wrapper\"><p>[vc_row][vc_column css=\u00a0\u00bb.vc_custom_1642877525112{margin-top: 50px !important;}\u00a0\u00bb]\t\r\n\t<div class=\"lc_vc_swp_section_title text_center\">\r\n\t\t\t\r\n\t\t\t<h2 class=\"swp_section_title\">L'<span class=\"lc_vibrant_color\">histoire<\/span><\/h2>\r\n\t\t\t\r\n\r\n\t\t\t\r\n\t\t\t<h4 class=\"section_subtitle\"><\/h4>\r\n\t\t\t\r\n\t<\/div>\r\n\t\r\n\t[\/vc_column][\/vc_row][vc_row][vc_column][vc_column_text css_animation=\u00a0\u00bbfadeIn\u00a0\u00bb css=\u00a0\u00bb.vc_custom_1772053995546{margin-right: 100px !important;}\u00a0\u00bb]Paris \u00e0 la Belle \u00e9poque !<br \/>\nEdmond Rostand est confront\u00e9 \u00e0 de nombreux \u00e9checs dans sa carri\u00e8re d\u2019\u00e9crivain. Son amie Sarah Bernhardt lui commande une pi\u00e8ce pour le com\u00e9dien en vogue, Constant Coquelin.<br \/>\nC\u2019est une course endiabl\u00e9e contre la montre &#8230;<br \/>\nMalgr\u00e9 la jalousie de sa femme, les caprices des acteurs, les exigences de ses producteurs corses, les histoires de c\u0153ur de son meilleur ami et le m\u00e9pris des auteurs \u00e0 succ\u00e8s, Edmond se met \u00e0 imaginer une pi\u00e8ce \u00e0 laquelle personne ne croit : Cyrano de Bergerac ![\/vc_column_text][\/vc_column][\/vc_row][vc_row][vc_column][vc_single_image image=\u00a0\u00bb6527&Prime; img_size=\u00a0\u00bblarge\u00a0\u00bb css=\u00a0\u00bb\u00a0\u00bb][vc_column_text css_animation=\u00a0\u00bbfadeIn\u00a0\u00bb css=\u00a0\u00bb\u00a0\u00bb]<span class=\"fontstyle0\">40 r\u00f4les interpr\u00e9t\u00e9s par les com\u00e9diens :<\/span><\/p>\n<p><em><span class=\"fontstyle2\">Nelly B\u00e9cuwe<br \/>\nArnaud Berthier<br \/>\nAurore Bochet-Cadet<br \/>\nMichel Bot<br \/>\nElise Caill\u00e8re<br \/>\nAymeric Chauffert<br \/>\nCathy Denimal<br \/>\nFrancesca Digitello<br \/>\nAnthony Dunand<br \/>\nLaurent Gustin<br \/>\nChristelle Gobillot<br \/>\nJulien Lh\u00e9riteau<br \/>\nGuillaume Neveu<br \/>\nBernard Quenot<\/span><\/em><\/p>\n<p>Mise en sc\u00e8ne : <em>Michel Bot<\/em><br \/>\nR\u00e9gie, sons : <em>Renaud Belliard<\/em><br \/>\nConception de l\u2019affiche : <em>Martine Romand<\/em><\/p>\n<p><span style=\"color: #800000;\"><strong><a style=\"color: #800000;\" href=\"https:\/\/lesescholiers.fr\/site\/wp-content\/uploads\/2026\/02\/OK-FLYER-A6-INTERNET.pdf\">&gt;&gt;&gt; T\u00e9l\u00e9charger le flyer<\/a><\/strong><\/span>[\/vc_column_text][\/vc_column][\/vc_row][vc_row][vc_column css=\u00a0\u00bb.vc_custom_1642875214355{margin-top: 50px !important;}\u00a0\u00bb]\t\r\n\t<div class=\"lc_vc_swp_section_title text_center\">\r\n\t\t\t\r\n\t\t\t<h2 class=\"swp_section_title\"><span class=\"lc_vibrant_color\">Repr\u00e9sentations<\/span><\/h2>\r\n\t\t\t\r\n\r\n\t\t\t\r\n\t\t\t<h4 class=\"section_subtitle\">Les dates pass\u00e9es et celles \u00e0 venir<\/h4>\r\n\t\t\t\r\n\t<\/div>\r\n\t\r\n\t[\/vc_column][\/vc_row][vc_row][vc_column][vc_column_text css_animation=\u00a0\u00bbfadeIn\u00a0\u00bb css=\u00a0\u00bb\u00a0\u00bb]<\/p>\n<h3>2026<\/h3>\n<h4><em>Au TH\u00c9\u00c2TRE DE L\u2019ECHANGE \u00e0 Annecy <\/em>(26 rue Sommeiller)<\/h4>\n<p><span class=\"fontstyle0\">AVRIL<br \/>\n<\/span><span class=\"fontstyle2\">VEND. 17 <\/span><span class=\"fontstyle3\">20H30 <\/span><span class=\"fontstyle4\">\/ <\/span><span class=\"fontstyle2\">SAM. 18 <\/span><span class=\"fontstyle3\">17H \u2022 20H30 <\/span><span class=\"fontstyle4\">\/ <\/span><span class=\"fontstyle2\">DIM. 19 <\/span><span class=\"fontstyle3\">17H <\/span><span class=\"fontstyle4\">\/ <\/span><span class=\"fontstyle2\">VEND. 24 <\/span><span class=\"fontstyle3\">20H30 <\/span><span class=\"fontstyle4\">\/ <\/span><span class=\"fontstyle2\">DIM. 26 <\/span><span class=\"fontstyle3\">17H<\/span><\/p>\n<p><span class=\"fontstyle0\">MAI<br \/>\n<\/span><span class=\"fontstyle2\">VEND. 8 <\/span><span class=\"fontstyle3\">20H30 <\/span><span class=\"fontstyle4\">\/ <\/span><span class=\"fontstyle2\">SAM. 9 <\/span><span class=\"fontstyle3\">17H \u2022 20H30 <\/span><span class=\"fontstyle4\">\/ <\/span><span class=\"fontstyle2\">DIM. 10 <\/span><span class=\"fontstyle3\">17H <\/span><span class=\"fontstyle4\">\/ <\/span><span class=\"fontstyle2\">VEND. 29 <\/span><span class=\"fontstyle3\">20H30 <\/span><span class=\"fontstyle4\">\/ <\/span><span class=\"fontstyle2\">SAM. 30 <\/span><span class=\"fontstyle3\">17H \u2022 20H30<\/span><\/p>\n<p><span class=\"fontstyle0\">JUIN<br \/>\n<\/span><span class=\"fontstyle2\">VEND. 5 <\/span><span class=\"fontstyle3\">20H30 <\/span><span class=\"fontstyle4\">\/ <\/span><span class=\"fontstyle2\">SAM. 6 <\/span><span class=\"fontstyle3\">17H \u2022 20H30<\/span><\/p>\n<p>[\/vc_column_text][\/vc_column][\/vc_row][vc_row][vc_column css=\u00a0\u00bb.vc_custom_1642875198531{margin-top: 50px !important;}\u00a0\u00bb]\t\r\n\t<div class=\"lc_vc_swp_section_title text_center\">\r\n\t\t\t\r\n\t\t\t<h2 class=\"swp_section_title\"><span class=\"lc_vibrant_color\">R\u00e9servations<\/span><\/h2>\r\n\t\t\t\r\n\r\n\t\t\t\r\n\t\t\t<h4 class=\"section_subtitle\">Demandez votre place !<\/h4>\r\n\t\t\t\r\n\t<\/div>\r\n\t\r\n\t[\/vc_column][\/vc_row][vc_row][vc_column][vc_raw_js]JTNDYSUyMHRpdGxlJTNEJTIyVmVudGUlMjBkZSUyMGJpbGxldHMlMjBlbiUyMGxpZ25lJTIyJTIwaHJlZiUzRCUyMmh0dHBzJTNBJTJGJTJGd3d3LmJpbGxldHdlYi5mciUyRm11bHRpX2V2ZW50LnBocCUzRm11bHRpJTNENDQzNzElMjIlMjAlMjBjbGFzcyUzRCUyMnNob3BfZnJhbWUlMjIlMjAlMjB0YXJnZXQlM0QlMjJfYmxhbmslMjIlMjAlMjBkYXRhLXNyYyUzRCUyMmh0dHBzJTNBJTJGJTJGd3d3LmJpbGxldHdlYi5mciUyRm11bHRpX2V2ZW50LnBocCUzRm11bHRpJTNENDQzNzElMjIlMjAlMjBkYXRhLW1heC13aWR0aCUzRCUyMjEwMCUyNSUyMiUyMCUyMGRhdGEtaW5pdGlhbC1oZWlnaHQlM0QlMjI2MDAlMjIlMjBkYXRhLXNjcm9sbGluZyUzRCUyMm5vJTIyJTIwJTIwZGF0YS1pZCUzRCUyMjQ0MzcxJTIyJTIwJTIwZGF0YS1yZXNpemUlM0QlMjIxJTIyJTNFVmVudGUlMjBkZSUyMGJpbGxldHMlMjBlbiUyMGxpZ25lJTNDJTJGYSUzRSUzQ3NjcmlwdCUyMHR5cGUlM0QlMjJ0ZXh0JTJGamF2YXNjcmlwdCUyMiUyMHNyYyUzRCUyMmh0dHBzJTNBJTJGJTJGd3d3LmJpbGxldHdlYi5mciUyRmpzJTJGZXhwb3J0LmpzJTIyJTNFJTNDJTJGc2NyaXB0JTNF[\/vc_raw_js][\/vc_column][\/vc_row]<\/p>\n<\/div>","protected":false},"excerpt":{"rendered":"<p>[vc_row][vc_column css=\u00a0\u00bb.vc_custom_1642877525112{margin-top: 50px !important;}\u00a0\u00bb][\/vc_column][\/vc_row][vc_row][vc_column][vc_column_text css_animation=\u00a0\u00bbfadeIn\u00a0\u00bb css=\u00a0\u00bb.vc_custom_1772053995546{margin-right: 100px !important;}\u00a0\u00bb]Paris \u00e0 la Belle \u00e9poque ! Edmond Rostand est confront\u00e9 \u00e0 de nombreux \u00e9checs dans sa carri\u00e8re d\u2019\u00e9crivain. Son amie Sarah Bernhardt lui commande une pi\u00e8ce pour le com\u00e9dien en vogue, Constant Coquelin&#8230;.<\/p>\n","protected":false},"author":1,"featured_media":0,"parent":0,"menu_order":0,"comment_status":"closed","ping_status":"closed","template":"","meta":{"_exactmetrics_skip_tracking":false,"_exactmetrics_sitenote_active":false,"_exactmetrics_sitenote_note":"","_exactmetrics_sitenote_category":0,"footnotes":""},"class_list":["post-6525","page","type-page","status-publish","hentry"],"_links":{"self":[{"href":"https:\/\/lesescholiers.fr\/site\/wp-json\/wp\/v2\/pages\/6525","targetHints":{"allow":["GET"]}}],"collection":[{"href":"https:\/\/lesescholiers.fr\/site\/wp-json\/wp\/v2\/pages"}],"about":[{"href":"https:\/\/lesescholiers.fr\/site\/wp-json\/wp\/v2\/types\/page"}],"author":[{"embeddable":true,"href":"https:\/\/lesescholiers.fr\/site\/wp-json\/wp\/v2\/users\/1"}],"replies":[{"embeddable":true,"href":"https:\/\/lesescholiers.fr\/site\/wp-json\/wp\/v2\/comments?post=6525"}],"version-history":[{"count":7,"href":"https:\/\/lesescholiers.fr\/site\/wp-json\/wp\/v2\/pages\/6525\/revisions"}],"predecessor-version":[{"id":6536,"href":"https:\/\/lesescholiers.fr\/site\/wp-json\/wp\/v2\/pages\/6525\/revisions\/6536"}],"wp:attachment":[{"href":"https:\/\/lesescholiers.fr\/site\/wp-json\/wp\/v2\/media?parent=6525"}],"curies":[{"name":"wp","href":"https:\/\/api.w.org\/{rel}","templated":true}]}}