{"id":6046,"date":"2023-09-01T15:50:33","date_gmt":"2023-09-01T14:50:33","guid":{"rendered":"https:\/\/lesescholiers.fr\/site\/?page_id=6046"},"modified":"2025-01-19T19:16:23","modified_gmt":"2025-01-19T18:16:23","slug":"nous-rejoindre","status":"publish","type":"page","link":"https:\/\/lesescholiers.fr\/site\/nous-rejoindre\/","title":{"rendered":"Nous rejoindre"},"content":{"rendered":"<div class=\"wpb-content-wrapper\"><p>[vc_row][vc_column]\t\r\n\t<div class=\"lc_vc_swp_section_title text_center\">\r\n\t\t\t\r\n\t\t\t<h2 class=\"swp_section_title\">C'est la rentr\u00e9e  <span class=\"lc_vibrant_color\">des Escholiers<\/span><\/h2>\r\n\t\t\t\r\n\r\n\t\t\t\r\n\t\t\t<h4 class=\"section_subtitle\">Rejoignez nous<\/h4>\r\n\t\t\t\r\n\t<\/div>\r\n\t\r\n\t[\/vc_column][\/vc_row][vc_row][vc_column][vc_column_text css=\u00a0\u00bb\u00a0\u00bb]<\/p>\n<div>Nous accueillons avec plaisir de nouveaux com\u00e9diens chaque ann\u00e9e, qui souhaitent monter une pi\u00e8ce de th\u00e9\u00e2tre (nous ne proposons pas de cours aux adultes. Pour les <a href=\"https:\/\/lesescholiers.fr\/site\/les-petits-escholiers\/\">jeunes, voir ici<\/a>).<\/div>\n<div>Compte tenu des plannings de repr\u00e9sentation en cours, il est pr\u00e9f\u00e9rable de nous contacter \u00e0 la fin du mois d&rsquo;ao\u00fbt si vous voulez rejoindre l&rsquo;aventure.<\/div>\n<div>Les d\u00e9butants sont les bienvenus.<\/div>\n<div>Si vous \u00eates pr\u00eats \u00e0 vous impliquer et disponibles pour \u00eatre pr\u00e9sents aux r\u00e9p\u00e9titions le mardi et vendredi de 20h30 \u00e0 22h30, <a href=\"https:\/\/lesescholiers.fr\/site\/contact\/\">contactez-nous.<\/a><\/div>\n<p>[\/vc_column_text][\/vc_column][\/vc_row]<\/p>\n<\/div>","protected":false},"excerpt":{"rendered":"<p>[vc_row][vc_column][\/vc_column][\/vc_row][vc_row][vc_column][vc_column_text css=\u00a0\u00bb\u00a0\u00bb] Nous accueillons avec plaisir de nouveaux com\u00e9diens chaque ann\u00e9e, qui souhaitent monter une pi\u00e8ce de th\u00e9\u00e2tre (nous ne proposons pas de cours aux adultes. Pour les jeunes, voir ici). Compte tenu des plannings de repr\u00e9sentation en cours, il&#8230;<\/p>\n","protected":false},"author":1,"featured_media":0,"parent":0,"menu_order":0,"comment_status":"closed","ping_status":"closed","template":"","meta":{"_exactmetrics_skip_tracking":false,"_exactmetrics_sitenote_active":false,"_exactmetrics_sitenote_note":"","_exactmetrics_sitenote_category":0,"footnotes":""},"class_list":["post-6046","page","type-page","status-publish","hentry"],"_links":{"self":[{"href":"https:\/\/lesescholiers.fr\/site\/wp-json\/wp\/v2\/pages\/6046","targetHints":{"allow":["GET"]}}],"collection":[{"href":"https:\/\/lesescholiers.fr\/site\/wp-json\/wp\/v2\/pages"}],"about":[{"href":"https:\/\/lesescholiers.fr\/site\/wp-json\/wp\/v2\/types\/page"}],"author":[{"embeddable":true,"href":"https:\/\/lesescholiers.fr\/site\/wp-json\/wp\/v2\/users\/1"}],"replies":[{"embeddable":true,"href":"https:\/\/lesescholiers.fr\/site\/wp-json\/wp\/v2\/comments?post=6046"}],"version-history":[{"count":5,"href":"https:\/\/lesescholiers.fr\/site\/wp-json\/wp\/v2\/pages\/6046\/revisions"}],"predecessor-version":[{"id":6443,"href":"https:\/\/lesescholiers.fr\/site\/wp-json\/wp\/v2\/pages\/6046\/revisions\/6443"}],"wp:attachment":[{"href":"https:\/\/lesescholiers.fr\/site\/wp-json\/wp\/v2\/media?parent=6046"}],"curies":[{"name":"wp","href":"https:\/\/api.w.org\/{rel}","templated":true}]}}