{"id":6033,"date":"2022-02-08T18:32:58","date_gmt":"2022-02-08T17:32:58","guid":{"rendered":"https:\/\/lesescholiers.fr\/site\/?page_id=6033"},"modified":"2022-09-01T19:24:16","modified_gmt":"2022-09-01T18:24:16","slug":"devenir-benevole","status":"publish","type":"page","link":"https:\/\/lesescholiers.fr\/site\/devenir-benevole\/","title":{"rendered":"Devenir b\u00e9n\u00e9vole"},"content":{"rendered":"<div class=\"wpb-content-wrapper\"><p>[vc_row][vc_column]\t\r\n\t<div class=\"lc_vc_swp_section_title text_center\">\r\n\t\t\t\r\n\t\t\t<h2 class=\"swp_section_title\">Appel \u00e0<span class=\"lc_vibrant_color\"> b\u00e9n\u00e9voles<\/span><\/h2>\r\n\t\t\t\r\n\r\n\t\t\t\r\n\t\t\t<h4 class=\"section_subtitle\"><\/h4>\r\n\t\t\t\r\n\t<\/div>\r\n\t\r\n\t[\/vc_column][\/vc_row][vc_row][vc_column][vc_column_text]<\/p>\n<div>\n<div class=\"yiv3604300467_1mf yiv3604300467_1mj\">Venez partager des moments intenses avec les Escholiers et les troupes accueillies.<\/div>\n<\/div>\n<div>\n<div class=\"yiv3604300467_1mf yiv3604300467_1mj\">Devenez B\u00c9N\u00c9VOLE !<\/div>\n<div class=\"yiv3604300467_1mf yiv3604300467_1mj\"><\/div>\n<\/div>\n<div>\n<div class=\"yiv3604300467_1mf yiv3604300467_1mj\">Pour en savoir plus, contactez nous.<\/div>\n<\/div>\n<p>[\/vc_column_text][\/vc_column][\/vc_row][vc_row][vc_column]\t\r\n\t<div class=\"lc_vc_swp_section_title text_center\">\r\n\t\t\t\r\n\t\t\t<h2 class=\"swp_section_title\">Nous <span class=\"lc_vibrant_color\">contacter<\/span><\/h2>\r\n\t\t\t\r\n\r\n\t\t\t\r\n\t\t\t<h4 class=\"section_subtitle\">Laissez-nous votre message et nous y r\u00e9pondrons dans les meilleurs d\u00e9lais<\/h4>\r\n\t\t\t\r\n\t<\/div>\r\n\t\r\n\t[\/vc_column][\/vc_row][vc_row][vc_column]\t<div class=\"lc_swp_boxed\">\r\n\t\t<div class=\"lucille_contactform vc_lc_contactform\">\r\n\t\t\t<form class=\"lucille_contactform\">\t\t\t\t\t\t\r\n\t\t\t\t<ul class=\"contactform_fields\">\r\n\r\n\t\t\t\t\t<li class=\"comment-form-author vc_lc_element lucille_cf_entry\">\r\n\t\t\t\t\t\t<input type=\"text\" placeholder=\"Votre nom\" name=\"contactName\" id=\"contactName\" class=\"lucille_cf_input required requiredField contactNameInput\" \/>\r\n\t\t\t\t\t\t<div class=\"lucille_cf_error\">Merci d&#039;indiquer votre nom<\/div>\r\n\t\t\t\t\t<\/li>\r\n\r\n\t\t\t\t\t<li class=\"comment-form-email vc_lc_element lucille_cf_entry\">\r\n\t\t\t\t\t\t<input type=\"text\" placeholder=\"Email \" name=\"email\" id=\"contactemail\" class=\"lucille_cf_input required requiredField email\" \/>\r\n\t\t\t\t\t\t<div class=\"lucille_cf_error\">Merci d&#039;indiquer une adresse email correcte<\/div>\r\n\t\t\t\t\t<\/li>\r\n\r\n\t\t\t\t\t<li class=\"comment-form-url vc_lc_element lucille_cf_entry\">\r\n\t\t\t\t\t\t<input type=\"text\" placeholder=\"Votre num\u00e9ro de t\u00e9l\u00e9phone \" name=\"phone\" id=\"phone\" class=\"lucille_cf_input\" \/>\r\n\t\t\t\t\t<\/li>\r\n\r\n\t\t\t\t\t<li class=\"comment-form-comment vc_lc_element lucille_cf_entry\">\r\n\t\t\t\t\t\t<textarea name=\"comments\" placeholder=\"Message \" id=\"commentsText\" rows=\"10\" cols=\"30\" class=\"lucille_cf_input required requiredField contactMessageInput\"><\/textarea>\r\n\t\t\t\t\t\t<div class=\"lucille_cf_error\">Please enter a message<\/div>\r\n\t\t\t\t\t<\/li>\r\n\r\n\t\t\t\t\t<li class=\"captcha_error lucille_cf_error\">\r\n\t\t\t\t\t\t<span class=\"error\">Incorrect reCaptcha. Please enter reCaptcha challenge.<\/span>\r\n\t\t\t\t\t<\/li>\r\n\r\n\t\t\t\t\t<li class=\"wp_mail_error\">\r\n\t\t\t\t\t\t<div class=\"lucille_cf_error\">Cannot send mail, an error occurred while delivering this message. Please try again later.<\/div>\r\n\t\t\t\t\t<\/li>\t\r\n\r\n\t\t\t\t\t<li class=\"formResultOK\">\r\n\t\t\t\t\t\t<div class=\"lucille_cf_error\">Votre message a \u00e9t\u00e9 envoy\u00e9 avec succ\u00e8s, merci !<\/div>\r\n\t\t\t\t\t<\/li>\r\n\t\t\t\t\t\t\t\t\t\t<li>\t\r\n\t\t\t\t\t\t<div class=\"g-recaptcha\" data-sitekey=\"6Ld17U0sAAAAAJcTJdNWsk4Yr9IOfBaF15VK4gej\" data-theme=\"light\"><\/div>\r\n\t\t\t\t\t<\/li>\r\n\t\t\t\t\t\t\t\t\t\t<li>\r\n\t\t\t\t\t\t<input name=\"Button1\" type=\"submit\" id=\"submit\" class=\"lc_button\" value=\"Envoyer le message\" >\r\n\t\t\t\t\t\t\t\t\t\t\t<\/li>\r\n\r\n\t\t\t\t<\/ul>\r\n\t\t\t\t<input type=\"hidden\" name=\"action\" value=\"lucillecontactform_action\" \/>\r\n\t\t\t\t<input type=\"hidden\" id=\"contactform_nonce\" name=\"contactform_nonce\" value=\"b08e656305\" \/><input type=\"hidden\" name=\"_wp_http_referer\" value=\"\/site\/wp-json\/wp\/v2\/pages\/6033\" \/>\t\t\t<\/form>\r\n\t\t<\/div>\r\n\t<\/div>\r\n\t[\/vc_column][\/vc_row]<\/p>\n<\/div>","protected":false},"excerpt":{"rendered":"<p>[vc_row][vc_column][\/vc_column][\/vc_row][vc_row][vc_column][vc_column_text] Venez partager des moments intenses avec les Escholiers et les troupes accueillies. Devenez B\u00c9N\u00c9VOLE ! Pour en savoir plus, contactez nous. [\/vc_column_text][\/vc_column][\/vc_row][vc_row][vc_column][\/vc_column][\/vc_row][vc_row][vc_column][\/vc_column][\/vc_row]<\/p>\n","protected":false},"author":1,"featured_media":0,"parent":0,"menu_order":0,"comment_status":"closed","ping_status":"closed","template":"","meta":{"_exactmetrics_skip_tracking":false,"_exactmetrics_sitenote_active":false,"_exactmetrics_sitenote_note":"","_exactmetrics_sitenote_category":0,"footnotes":""},"class_list":["post-6033","page","type-page","status-publish","hentry"],"_links":{"self":[{"href":"https:\/\/lesescholiers.fr\/site\/wp-json\/wp\/v2\/pages\/6033","targetHints":{"allow":["GET"]}}],"collection":[{"href":"https:\/\/lesescholiers.fr\/site\/wp-json\/wp\/v2\/pages"}],"about":[{"href":"https:\/\/lesescholiers.fr\/site\/wp-json\/wp\/v2\/types\/page"}],"author":[{"embeddable":true,"href":"https:\/\/lesescholiers.fr\/site\/wp-json\/wp\/v2\/users\/1"}],"replies":[{"embeddable":true,"href":"https:\/\/lesescholiers.fr\/site\/wp-json\/wp\/v2\/comments?post=6033"}],"version-history":[{"count":8,"href":"https:\/\/lesescholiers.fr\/site\/wp-json\/wp\/v2\/pages\/6033\/revisions"}],"predecessor-version":[{"id":6115,"href":"https:\/\/lesescholiers.fr\/site\/wp-json\/wp\/v2\/pages\/6033\/revisions\/6115"}],"wp:attachment":[{"href":"https:\/\/lesescholiers.fr\/site\/wp-json\/wp\/v2\/media?parent=6033"}],"curies":[{"name":"wp","href":"https:\/\/api.w.org\/{rel}","templated":true}]}}