{"id":3394,"date":"2019-02-27T20:23:43","date_gmt":"2019-02-27T19:23:43","guid":{"rendered":"https:\/\/lesescholiers.fr\/site\/?page_id=3394"},"modified":"2022-01-22T21:41:06","modified_gmt":"2022-01-22T20:41:06","slug":"legende-dune-vie","status":"publish","type":"page","link":"https:\/\/lesescholiers.fr\/site\/legende-dune-vie\/","title":{"rendered":"L\u00e9gende d&rsquo;une vie"},"content":{"rendered":"<div class=\"wpb-content-wrapper\"><p>[vc_row][vc_column][vc_column_text]<\/p>\n<figure class=\"wp-block-image\"><img fetchpriority=\"high\" decoding=\"async\" width=\"565\" height=\"799\" src=\"https:\/\/lesescholiers.fr\/site\/wp-content\/uploads\/2019\/02\/Les-Escholiers_Le\u0301gendeduneVie.jpg\" alt=\"\" class=\"wp-image-3396\" srcset=\"https:\/\/lesescholiers.fr\/site\/wp-content\/uploads\/2019\/02\/Les-Escholiers_Le\u0301gendeduneVie.jpg 565w, https:\/\/lesescholiers.fr\/site\/wp-content\/uploads\/2019\/02\/Les-Escholiers_Le\u0301gendeduneVie-212x300.jpg 212w, https:\/\/lesescholiers.fr\/site\/wp-content\/uploads\/2019\/02\/Les-Escholiers_Le\u0301gendeduneVie-480x679.jpg 480w\" sizes=\"(max-width: 565px) 100vw, 565px\" \/><\/figure>\n\n<p><em>L\u00e9gende d&rsquo;une vie de Stefan Zweig. Mise en sc\u00e8ne Benjamin De Rossi<\/em><\/p>\n\n<p>Un fils \u00e9cras\u00e9 par la m\u00e9moire d&rsquo;un p\u00e8re adul\u00e9 de tous. Un lourd secret de famille enfin divulgu\u00e9 le soulagera-t-il ?<\/p>\n<p>Dans l&rsquo;une de ses rares pi\u00e8ces, quasi in\u00e9dite, Stefan Zweig nous plonge  au plus profond de la nature humaine, de ses secrets et de ses  tourments.<\/p>\n\n\n<h2 class=\"wp-block-heading\">Repr\u00e9sentations<\/h2>\n\n<p>Au TH\u00c9\u00c2TRE DE L\u2019ECHANGE \u00e0 Annecy<\/p>\n<p>les<em> vendredi 17 mai 2019 \u00e0 20 h 30<br \/>\nsamedi 18 mai 2019 \u00e0 16 h 30 et 20 h 30<br \/>\ndimanche 19 mai 2019 \u00e0 16 h 30<br \/>\nvendredi 24 mai 2019 \u00e0 20 h 30<br \/>\nsamedi 25 mai 2019 \u00e0 16 h 30 et 20 h 30<\/em><\/p>\n<p>ainsi que les<br \/>\n<em>vendredi 8 novembre 2019 \u00e0 20 h 30<br \/>\nsamedi 9 novembre 2019 \u00e0 16 h 30 et 20 h 30<br \/>\ndimanche 10 novembre 2019 \u00e0 16 h 30<br \/>\nvendredi 15 novembre 2019 \u00e0 20 h 30<br \/>\nsamedi 16 novembre 2019 \u00e0 16 h 30  et 20 h 30<br \/>\ndimanche 17 novembre 2019 \u00e0 16 h 30<\/em><\/p>\n\n\n<h2 class=\"wp-block-heading\">R\u00c9SERVATIONS<\/h2>\n\n<p>[\/vc_column_text][\/vc_column][\/vc_row][contact-form-7 id=\u00a0\u00bb3397&Prime; title=\u00a0\u00bbR\u00e9servations &#8211; l\u00e9gende d&rsquo;une vie\u00a0\u00bb][vc_row][vc_column][vc_column_text]<\/p>\n\n\n\n\n<h3 class=\"wp-block-heading\">Informations pratiques<\/h3>\n\n<p><strong>NB: votre demande de r\u00e9servation par t\u00e9l\u00e9phone sur le r\u00e9pondeur ou par notre site internet, ne sera effective que lorsque vous en aurez eu confirmation de notre part.<\/strong><\/p>\n\n<p>TARIFS :<br \/>\ntarif normal : 10 \u20ac<br \/>\ntarif FNCTAsur pr\u00e9sentation de la carte : 8 \u20ac<br \/>\ntarif r\u00e9duit (\u00e9tudiant, ch\u00f4meur) : 5 \u20ac<br \/>\nenfant gratuit jusqu\u2019\u00e0 12 ans<\/p>\n\n\n<hr class=\"wp-block-separator\"\/>\n\n<p>THEATRE DE L&rsquo;ECHANGE<br \/>\n26 rue Sommeiller<br \/>\n74000 Annecy<\/p>\n\n\n<figure class=\"wp-block-image\"><a href=\"https:\/\/www.google.fr\/maps\/place\/Th%C3%A9%C3%A2tre+de+l'Echange\/@45.901948,6.1246799,20.79z\/data=!4m13!1m7!3m6!1s0x478b8ff9e00aafe9:0x3fdcbb4ea4af5c96!2s26+Rue+Sommeiller,+74000+Annecy!3b1!8m2!3d45.9020048!4d6.1246845!3m4!1s0x0:0xa4428a940c82138f!8m2!3d45.9019948!4d6.1248665\"><img decoding=\"async\" width=\"599\" height=\"269\" src=\"https:\/\/lesescholiers.fr\/site\/wp-content\/uploads\/2014\/07\/carte.png\" alt=\"carte\" class=\"wp-image-320\" srcset=\"https:\/\/lesescholiers.fr\/site\/wp-content\/uploads\/2014\/07\/carte.png 599w, https:\/\/lesescholiers.fr\/site\/wp-content\/uploads\/2014\/07\/carte-300x134.png 300w, https:\/\/lesescholiers.fr\/site\/wp-content\/uploads\/2014\/07\/carte-480x215.png 480w\" sizes=\"(max-width: 599px) 100vw, 599px\" \/><\/a><\/figure>\n\n\n<h2 class=\"wp-block-heading\">En images<\/h2>\n\n<p> Cr\u00e9dits photo (c) Yannick Perrin (repr\u00e9sentations), Arnaud Berthier (Noir &amp; Blanc)<\/p>\n<p>[\/vc_column_text][\/vc_column][\/vc_row][vc_row][vc_column][\/vc_column][\/vc_row][vc_row][vc_column]<div class=\"lc_swp_justified_gallery\" data-rheight=\"180\"><div class=\"img_box\"><div class=\"gallery_brick_overlay\"><\/div><a href=\"https:\/\/lesescholiers.fr\/site\/wp-content\/uploads\/2019\/05\/LA9B6548.jpg\" data-lightbox=\"photoAlbum1320466761\"><img decoding=\"async\" width=\"300\" height=\"200\" src=\"https:\/\/lesescholiers.fr\/site\/wp-content\/uploads\/2019\/05\/LA9B6548-300x200.jpg\" class=\"attachment-medium size-medium\" alt=\"\" srcset=\"https:\/\/lesescholiers.fr\/site\/wp-content\/uploads\/2019\/05\/LA9B6548-300x200.jpg 300w, https:\/\/lesescholiers.fr\/site\/wp-content\/uploads\/2019\/05\/LA9B6548-768x512.jpg 768w, https:\/\/lesescholiers.fr\/site\/wp-content\/uploads\/2019\/05\/LA9B6548-960x640.jpg 960w, https:\/\/lesescholiers.fr\/site\/wp-content\/uploads\/2019\/05\/LA9B6548-1024x682.jpg 1024w, https:\/\/lesescholiers.fr\/site\/wp-content\/uploads\/2019\/05\/LA9B6548-480x320.jpg 480w, https:\/\/lesescholiers.fr\/site\/wp-content\/uploads\/2019\/05\/LA9B6548.jpg 2000w\" sizes=\"(max-width: 300px) 100vw, 300px\" \/><\/a><\/div><div class=\"img_box\"><div class=\"gallery_brick_overlay\"><\/div><a href=\"https:\/\/lesescholiers.fr\/site\/wp-content\/uploads\/2019\/05\/LA9B6458.jpg\" data-lightbox=\"photoAlbum1320466761\"><img loading=\"lazy\" decoding=\"async\" width=\"300\" height=\"200\" src=\"https:\/\/lesescholiers.fr\/site\/wp-content\/uploads\/2019\/05\/LA9B6458-300x200.jpg\" class=\"attachment-medium size-medium\" alt=\"\" srcset=\"https:\/\/lesescholiers.fr\/site\/wp-content\/uploads\/2019\/05\/LA9B6458-300x200.jpg 300w, https:\/\/lesescholiers.fr\/site\/wp-content\/uploads\/2019\/05\/LA9B6458-768x512.jpg 768w, https:\/\/lesescholiers.fr\/site\/wp-content\/uploads\/2019\/05\/LA9B6458-960x640.jpg 960w, https:\/\/lesescholiers.fr\/site\/wp-content\/uploads\/2019\/05\/LA9B6458-1024x682.jpg 1024w, https:\/\/lesescholiers.fr\/site\/wp-content\/uploads\/2019\/05\/LA9B6458-480x320.jpg 480w, https:\/\/lesescholiers.fr\/site\/wp-content\/uploads\/2019\/05\/LA9B6458.jpg 2000w\" sizes=\"(max-width: 300px) 100vw, 300px\" \/><\/a><\/div><div class=\"img_box\"><div class=\"gallery_brick_overlay\"><\/div><a href=\"https:\/\/lesescholiers.fr\/site\/wp-content\/uploads\/2019\/05\/LA9B6448-e1556978349569.jpg\" data-lightbox=\"photoAlbum1320466761\"><img loading=\"lazy\" decoding=\"async\" width=\"200\" height=\"300\" src=\"https:\/\/lesescholiers.fr\/site\/wp-content\/uploads\/2019\/05\/LA9B6448-e1556978349569-200x300.jpg\" class=\"attachment-medium size-medium\" alt=\"\" srcset=\"https:\/\/lesescholiers.fr\/site\/wp-content\/uploads\/2019\/05\/LA9B6448-e1556978349569-200x300.jpg 200w, https:\/\/lesescholiers.fr\/site\/wp-content\/uploads\/2019\/05\/LA9B6448-e1556978349569-768x1152.jpg 768w, https:\/\/lesescholiers.fr\/site\/wp-content\/uploads\/2019\/05\/LA9B6448-e1556978349569-960x1440.jpg 960w, https:\/\/lesescholiers.fr\/site\/wp-content\/uploads\/2019\/05\/LA9B6448-e1556978349569-1024x1536.jpg 1024w, https:\/\/lesescholiers.fr\/site\/wp-content\/uploads\/2019\/05\/LA9B6448-e1556978349569-480x720.jpg 480w, https:\/\/lesescholiers.fr\/site\/wp-content\/uploads\/2019\/05\/LA9B6448-e1556978349569.jpg 1333w\" sizes=\"(max-width: 200px) 100vw, 200px\" \/><\/a><\/div><div class=\"img_box\"><div class=\"gallery_brick_overlay\"><\/div><a href=\"https:\/\/lesescholiers.fr\/site\/wp-content\/uploads\/2019\/05\/LA9B6402.jpg\" data-lightbox=\"photoAlbum1320466761\"><img loading=\"lazy\" decoding=\"async\" width=\"300\" height=\"200\" src=\"https:\/\/lesescholiers.fr\/site\/wp-content\/uploads\/2019\/05\/LA9B6402-300x200.jpg\" class=\"attachment-medium size-medium\" alt=\"\" srcset=\"https:\/\/lesescholiers.fr\/site\/wp-content\/uploads\/2019\/05\/LA9B6402-300x200.jpg 300w, https:\/\/lesescholiers.fr\/site\/wp-content\/uploads\/2019\/05\/LA9B6402-768x512.jpg 768w, https:\/\/lesescholiers.fr\/site\/wp-content\/uploads\/2019\/05\/LA9B6402-960x640.jpg 960w, https:\/\/lesescholiers.fr\/site\/wp-content\/uploads\/2019\/05\/LA9B6402-1024x682.jpg 1024w, https:\/\/lesescholiers.fr\/site\/wp-content\/uploads\/2019\/05\/LA9B6402-480x320.jpg 480w, https:\/\/lesescholiers.fr\/site\/wp-content\/uploads\/2019\/05\/LA9B6402.jpg 2000w\" sizes=\"(max-width: 300px) 100vw, 300px\" \/><\/a><\/div><div class=\"img_box\"><div class=\"gallery_brick_overlay\"><\/div><a href=\"https:\/\/lesescholiers.fr\/site\/wp-content\/uploads\/2019\/05\/LA9B6362-e1556978363226.jpg\" data-lightbox=\"photoAlbum1320466761\"><img loading=\"lazy\" decoding=\"async\" width=\"200\" height=\"300\" src=\"https:\/\/lesescholiers.fr\/site\/wp-content\/uploads\/2019\/05\/LA9B6362-e1556978363226-200x300.jpg\" class=\"attachment-medium size-medium\" alt=\"\" srcset=\"https:\/\/lesescholiers.fr\/site\/wp-content\/uploads\/2019\/05\/LA9B6362-e1556978363226-200x300.jpg 200w, https:\/\/lesescholiers.fr\/site\/wp-content\/uploads\/2019\/05\/LA9B6362-e1556978363226-768x1152.jpg 768w, https:\/\/lesescholiers.fr\/site\/wp-content\/uploads\/2019\/05\/LA9B6362-e1556978363226-960x1440.jpg 960w, https:\/\/lesescholiers.fr\/site\/wp-content\/uploads\/2019\/05\/LA9B6362-e1556978363226-1024x1536.jpg 1024w, https:\/\/lesescholiers.fr\/site\/wp-content\/uploads\/2019\/05\/LA9B6362-e1556978363226-480x720.jpg 480w, https:\/\/lesescholiers.fr\/site\/wp-content\/uploads\/2019\/05\/LA9B6362-e1556978363226.jpg 1333w\" sizes=\"(max-width: 200px) 100vw, 200px\" \/><\/a><\/div><div class=\"img_box\"><div class=\"gallery_brick_overlay\"><\/div><a href=\"https:\/\/lesescholiers.fr\/site\/wp-content\/uploads\/2019\/05\/LA9B6359.jpg\" data-lightbox=\"photoAlbum1320466761\"><img loading=\"lazy\" decoding=\"async\" width=\"300\" height=\"200\" src=\"https:\/\/lesescholiers.fr\/site\/wp-content\/uploads\/2019\/05\/LA9B6359-300x200.jpg\" class=\"attachment-medium size-medium\" alt=\"\" srcset=\"https:\/\/lesescholiers.fr\/site\/wp-content\/uploads\/2019\/05\/LA9B6359-300x200.jpg 300w, https:\/\/lesescholiers.fr\/site\/wp-content\/uploads\/2019\/05\/LA9B6359-768x512.jpg 768w, https:\/\/lesescholiers.fr\/site\/wp-content\/uploads\/2019\/05\/LA9B6359-960x640.jpg 960w, https:\/\/lesescholiers.fr\/site\/wp-content\/uploads\/2019\/05\/LA9B6359-1024x682.jpg 1024w, https:\/\/lesescholiers.fr\/site\/wp-content\/uploads\/2019\/05\/LA9B6359-480x320.jpg 480w, https:\/\/lesescholiers.fr\/site\/wp-content\/uploads\/2019\/05\/LA9B6359.jpg 2000w\" sizes=\"(max-width: 300px) 100vw, 300px\" \/><\/a><\/div><div class=\"img_box\"><div class=\"gallery_brick_overlay\"><\/div><a href=\"https:\/\/lesescholiers.fr\/site\/wp-content\/uploads\/2019\/05\/LA9B6313-e1556978336223.jpg\" data-lightbox=\"photoAlbum1320466761\"><img loading=\"lazy\" decoding=\"async\" width=\"200\" height=\"300\" src=\"https:\/\/lesescholiers.fr\/site\/wp-content\/uploads\/2019\/05\/LA9B6313-e1556978336223-200x300.jpg\" class=\"attachment-medium size-medium\" alt=\"\" srcset=\"https:\/\/lesescholiers.fr\/site\/wp-content\/uploads\/2019\/05\/LA9B6313-e1556978336223-200x300.jpg 200w, https:\/\/lesescholiers.fr\/site\/wp-content\/uploads\/2019\/05\/LA9B6313-e1556978336223-768x1152.jpg 768w, https:\/\/lesescholiers.fr\/site\/wp-content\/uploads\/2019\/05\/LA9B6313-e1556978336223-960x1440.jpg 960w, https:\/\/lesescholiers.fr\/site\/wp-content\/uploads\/2019\/05\/LA9B6313-e1556978336223-1024x1536.jpg 1024w, https:\/\/lesescholiers.fr\/site\/wp-content\/uploads\/2019\/05\/LA9B6313-e1556978336223-480x720.jpg 480w, https:\/\/lesescholiers.fr\/site\/wp-content\/uploads\/2019\/05\/LA9B6313-e1556978336223.jpg 1333w\" sizes=\"(max-width: 200px) 100vw, 200px\" \/><\/a><\/div><div class=\"img_box\"><div class=\"gallery_brick_overlay\"><\/div><a href=\"https:\/\/lesescholiers.fr\/site\/wp-content\/uploads\/2019\/05\/LA9B6242.jpg\" data-lightbox=\"photoAlbum1320466761\"><img loading=\"lazy\" decoding=\"async\" width=\"300\" height=\"200\" src=\"https:\/\/lesescholiers.fr\/site\/wp-content\/uploads\/2019\/05\/LA9B6242-300x200.jpg\" class=\"attachment-medium size-medium\" alt=\"\" srcset=\"https:\/\/lesescholiers.fr\/site\/wp-content\/uploads\/2019\/05\/LA9B6242-300x200.jpg 300w, https:\/\/lesescholiers.fr\/site\/wp-content\/uploads\/2019\/05\/LA9B6242-768x512.jpg 768w, https:\/\/lesescholiers.fr\/site\/wp-content\/uploads\/2019\/05\/LA9B6242-960x640.jpg 960w, https:\/\/lesescholiers.fr\/site\/wp-content\/uploads\/2019\/05\/LA9B6242-1024x682.jpg 1024w, https:\/\/lesescholiers.fr\/site\/wp-content\/uploads\/2019\/05\/LA9B6242-480x320.jpg 480w, https:\/\/lesescholiers.fr\/site\/wp-content\/uploads\/2019\/05\/LA9B6242.jpg 2000w\" sizes=\"(max-width: 300px) 100vw, 300px\" \/><\/a><\/div><div class=\"img_box\"><div class=\"gallery_brick_overlay\"><\/div><a href=\"https:\/\/lesescholiers.fr\/site\/wp-content\/uploads\/2019\/05\/LA9B6230.jpg\" data-lightbox=\"photoAlbum1320466761\"><img loading=\"lazy\" decoding=\"async\" width=\"300\" height=\"200\" src=\"https:\/\/lesescholiers.fr\/site\/wp-content\/uploads\/2019\/05\/LA9B6230-300x200.jpg\" class=\"attachment-medium size-medium\" alt=\"\" srcset=\"https:\/\/lesescholiers.fr\/site\/wp-content\/uploads\/2019\/05\/LA9B6230-300x200.jpg 300w, https:\/\/lesescholiers.fr\/site\/wp-content\/uploads\/2019\/05\/LA9B6230-768x512.jpg 768w, https:\/\/lesescholiers.fr\/site\/wp-content\/uploads\/2019\/05\/LA9B6230-960x640.jpg 960w, https:\/\/lesescholiers.fr\/site\/wp-content\/uploads\/2019\/05\/LA9B6230-1024x682.jpg 1024w, https:\/\/lesescholiers.fr\/site\/wp-content\/uploads\/2019\/05\/LA9B6230-480x320.jpg 480w, https:\/\/lesescholiers.fr\/site\/wp-content\/uploads\/2019\/05\/LA9B6230.jpg 2000w\" sizes=\"(max-width: 300px) 100vw, 300px\" \/><\/a><\/div><div class=\"img_box\"><div class=\"gallery_brick_overlay\"><\/div><a href=\"https:\/\/lesescholiers.fr\/site\/wp-content\/uploads\/2019\/05\/LA9B6215.jpg\" data-lightbox=\"photoAlbum1320466761\"><img loading=\"lazy\" decoding=\"async\" width=\"300\" height=\"200\" src=\"https:\/\/lesescholiers.fr\/site\/wp-content\/uploads\/2019\/05\/LA9B6215-300x200.jpg\" class=\"attachment-medium size-medium\" alt=\"\" srcset=\"https:\/\/lesescholiers.fr\/site\/wp-content\/uploads\/2019\/05\/LA9B6215-300x200.jpg 300w, https:\/\/lesescholiers.fr\/site\/wp-content\/uploads\/2019\/05\/LA9B6215-768x512.jpg 768w, https:\/\/lesescholiers.fr\/site\/wp-content\/uploads\/2019\/05\/LA9B6215-960x640.jpg 960w, https:\/\/lesescholiers.fr\/site\/wp-content\/uploads\/2019\/05\/LA9B6215-1024x682.jpg 1024w, https:\/\/lesescholiers.fr\/site\/wp-content\/uploads\/2019\/05\/LA9B6215-480x320.jpg 480w, https:\/\/lesescholiers.fr\/site\/wp-content\/uploads\/2019\/05\/LA9B6215.jpg 2000w\" sizes=\"(max-width: 300px) 100vw, 300px\" \/><\/a><\/div><div class=\"img_box\"><div class=\"gallery_brick_overlay\"><\/div><a href=\"https:\/\/lesescholiers.fr\/site\/wp-content\/uploads\/2019\/05\/LA9B6187.jpg\" data-lightbox=\"photoAlbum1320466761\"><img loading=\"lazy\" decoding=\"async\" width=\"300\" height=\"200\" src=\"https:\/\/lesescholiers.fr\/site\/wp-content\/uploads\/2019\/05\/LA9B6187-300x200.jpg\" class=\"attachment-medium size-medium\" alt=\"\" srcset=\"https:\/\/lesescholiers.fr\/site\/wp-content\/uploads\/2019\/05\/LA9B6187-300x200.jpg 300w, https:\/\/lesescholiers.fr\/site\/wp-content\/uploads\/2019\/05\/LA9B6187-768x512.jpg 768w, https:\/\/lesescholiers.fr\/site\/wp-content\/uploads\/2019\/05\/LA9B6187-960x640.jpg 960w, https:\/\/lesescholiers.fr\/site\/wp-content\/uploads\/2019\/05\/LA9B6187-1024x682.jpg 1024w, https:\/\/lesescholiers.fr\/site\/wp-content\/uploads\/2019\/05\/LA9B6187-480x320.jpg 480w, https:\/\/lesescholiers.fr\/site\/wp-content\/uploads\/2019\/05\/LA9B6187.jpg 2000w\" sizes=\"(max-width: 300px) 100vw, 300px\" \/><\/a><\/div><div class=\"img_box\"><div class=\"gallery_brick_overlay\"><\/div><a href=\"https:\/\/lesescholiers.fr\/site\/wp-content\/uploads\/2019\/05\/LA9B6137.jpg\" data-lightbox=\"photoAlbum1320466761\"><img loading=\"lazy\" decoding=\"async\" width=\"300\" height=\"200\" src=\"https:\/\/lesescholiers.fr\/site\/wp-content\/uploads\/2019\/05\/LA9B6137-300x200.jpg\" class=\"attachment-medium size-medium\" alt=\"\" srcset=\"https:\/\/lesescholiers.fr\/site\/wp-content\/uploads\/2019\/05\/LA9B6137-300x200.jpg 300w, https:\/\/lesescholiers.fr\/site\/wp-content\/uploads\/2019\/05\/LA9B6137-768x512.jpg 768w, https:\/\/lesescholiers.fr\/site\/wp-content\/uploads\/2019\/05\/LA9B6137-960x640.jpg 960w, https:\/\/lesescholiers.fr\/site\/wp-content\/uploads\/2019\/05\/LA9B6137-1024x682.jpg 1024w, https:\/\/lesescholiers.fr\/site\/wp-content\/uploads\/2019\/05\/LA9B6137-480x320.jpg 480w, https:\/\/lesescholiers.fr\/site\/wp-content\/uploads\/2019\/05\/LA9B6137.jpg 2000w\" sizes=\"(max-width: 300px) 100vw, 300px\" \/><\/a><\/div><div class=\"img_box\"><div class=\"gallery_brick_overlay\"><\/div><a href=\"https:\/\/lesescholiers.fr\/site\/wp-content\/uploads\/2019\/05\/LA9B6092.jpg\" data-lightbox=\"photoAlbum1320466761\"><img loading=\"lazy\" decoding=\"async\" width=\"300\" height=\"200\" src=\"https:\/\/lesescholiers.fr\/site\/wp-content\/uploads\/2019\/05\/LA9B6092-300x200.jpg\" class=\"attachment-medium size-medium\" alt=\"\" srcset=\"https:\/\/lesescholiers.fr\/site\/wp-content\/uploads\/2019\/05\/LA9B6092-300x200.jpg 300w, https:\/\/lesescholiers.fr\/site\/wp-content\/uploads\/2019\/05\/LA9B6092-768x512.jpg 768w, https:\/\/lesescholiers.fr\/site\/wp-content\/uploads\/2019\/05\/LA9B6092-960x640.jpg 960w, https:\/\/lesescholiers.fr\/site\/wp-content\/uploads\/2019\/05\/LA9B6092-1024x682.jpg 1024w, https:\/\/lesescholiers.fr\/site\/wp-content\/uploads\/2019\/05\/LA9B6092-480x320.jpg 480w, https:\/\/lesescholiers.fr\/site\/wp-content\/uploads\/2019\/05\/LA9B6092.jpg 2000w\" sizes=\"(max-width: 300px) 100vw, 300px\" \/><\/a><\/div><div class=\"img_box\"><div class=\"gallery_brick_overlay\"><\/div><a href=\"https:\/\/lesescholiers.fr\/site\/wp-content\/uploads\/2019\/05\/LA9B6047.jpg\" data-lightbox=\"photoAlbum1320466761\"><img loading=\"lazy\" decoding=\"async\" width=\"300\" height=\"200\" src=\"https:\/\/lesescholiers.fr\/site\/wp-content\/uploads\/2019\/05\/LA9B6047-300x200.jpg\" class=\"attachment-medium size-medium\" alt=\"\" srcset=\"https:\/\/lesescholiers.fr\/site\/wp-content\/uploads\/2019\/05\/LA9B6047-300x200.jpg 300w, https:\/\/lesescholiers.fr\/site\/wp-content\/uploads\/2019\/05\/LA9B6047-768x512.jpg 768w, https:\/\/lesescholiers.fr\/site\/wp-content\/uploads\/2019\/05\/LA9B6047-960x640.jpg 960w, https:\/\/lesescholiers.fr\/site\/wp-content\/uploads\/2019\/05\/LA9B6047-1024x682.jpg 1024w, https:\/\/lesescholiers.fr\/site\/wp-content\/uploads\/2019\/05\/LA9B6047-480x320.jpg 480w, https:\/\/lesescholiers.fr\/site\/wp-content\/uploads\/2019\/05\/LA9B6047.jpg 2000w\" sizes=\"(max-width: 300px) 100vw, 300px\" \/><\/a><\/div><div class=\"img_box\"><div class=\"gallery_brick_overlay\"><\/div><a href=\"https:\/\/lesescholiers.fr\/site\/wp-content\/uploads\/2019\/02\/legendedunevie.jpg\" data-lightbox=\"photoAlbum1320466761\"><img loading=\"lazy\" decoding=\"async\" width=\"300\" height=\"235\" src=\"https:\/\/lesescholiers.fr\/site\/wp-content\/uploads\/2019\/02\/legendedunevie-300x235.jpg\" class=\"attachment-medium size-medium\" alt=\"\" srcset=\"https:\/\/lesescholiers.fr\/site\/wp-content\/uploads\/2019\/02\/legendedunevie-300x235.jpg 300w, https:\/\/lesescholiers.fr\/site\/wp-content\/uploads\/2019\/02\/legendedunevie-768x602.jpg 768w, https:\/\/lesescholiers.fr\/site\/wp-content\/uploads\/2019\/02\/legendedunevie-960x753.jpg 960w, https:\/\/lesescholiers.fr\/site\/wp-content\/uploads\/2019\/02\/legendedunevie-2048x1606.jpg 2048w, https:\/\/lesescholiers.fr\/site\/wp-content\/uploads\/2019\/02\/legendedunevie-1024x803.jpg 1024w, https:\/\/lesescholiers.fr\/site\/wp-content\/uploads\/2019\/02\/legendedunevie-480x376.jpg 480w\" sizes=\"(max-width: 300px) 100vw, 300px\" \/><\/a><\/div><\/div>[\/vc_column][\/vc_row]<\/p>\n<\/div>","protected":false},"excerpt":{"rendered":"<p>[vc_row][vc_column][vc_column_text] L\u00e9gende d&rsquo;une vie de Stefan Zweig. Mise en sc\u00e8ne Benjamin De Rossi Un fils \u00e9cras\u00e9 par la m\u00e9moire d&rsquo;un p\u00e8re adul\u00e9 de tous. Un lourd secret de famille enfin divulgu\u00e9 le soulagera-t-il ? Dans l&rsquo;une de ses rares pi\u00e8ces,&#8230;<\/p>\n","protected":false},"author":1,"featured_media":0,"parent":0,"menu_order":0,"comment_status":"closed","ping_status":"closed","template":"","meta":{"_exactmetrics_skip_tracking":false,"_exactmetrics_sitenote_active":false,"_exactmetrics_sitenote_note":"","_exactmetrics_sitenote_category":0,"footnotes":""},"class_list":["post-3394","page","type-page","status-publish","hentry"],"_links":{"self":[{"href":"https:\/\/lesescholiers.fr\/site\/wp-json\/wp\/v2\/pages\/3394","targetHints":{"allow":["GET"]}}],"collection":[{"href":"https:\/\/lesescholiers.fr\/site\/wp-json\/wp\/v2\/pages"}],"about":[{"href":"https:\/\/lesescholiers.fr\/site\/wp-json\/wp\/v2\/types\/page"}],"author":[{"embeddable":true,"href":"https:\/\/lesescholiers.fr\/site\/wp-json\/wp\/v2\/users\/1"}],"replies":[{"embeddable":true,"href":"https:\/\/lesescholiers.fr\/site\/wp-json\/wp\/v2\/comments?post=3394"}],"version-history":[{"count":9,"href":"https:\/\/lesescholiers.fr\/site\/wp-json\/wp\/v2\/pages\/3394\/revisions"}],"predecessor-version":[{"id":6007,"href":"https:\/\/lesescholiers.fr\/site\/wp-json\/wp\/v2\/pages\/3394\/revisions\/6007"}],"wp:attachment":[{"href":"https:\/\/lesescholiers.fr\/site\/wp-json\/wp\/v2\/media?parent=3394"}],"curies":[{"name":"wp","href":"https:\/\/api.w.org\/{rel}","templated":true}]}}