{"id":310,"date":"2014-07-14T14:57:10","date_gmt":"2014-07-14T13:57:10","guid":{"rendered":"https:\/\/lesescholiers.fr\/site\/?page_id=310"},"modified":"2015-07-22T21:29:23","modified_gmt":"2015-07-22T20:29:23","slug":"2014-2","status":"publish","type":"page","link":"https:\/\/lesescholiers.fr\/site\/festival\/2014-2\/","title":{"rendered":"2014"},"content":{"rendered":"<p>Le 7\u00e8me festival est termin\u00e9. Merci \u00e0 tous les participants.<\/p>\n<p>[youtube id=\u00a0\u00bbVZuGxkCveoQ\u00a0\u00bb width=\u00a0\u00bb560&Prime; height=\u00a0\u00bb315&Prime; wmode=\u00a0\u00bbtransparent\u00a0\u00bb showinfo=\u00a0\u00bb0&Prime; autohide=\u00a0\u00bb1&Prime; quality=\u00a0\u00bbauto\u00a0\u00bb]<\/p>\n<h2>Palmar\u00e8s<\/h2>\n<h3>Prix de la Ville d&rsquo;Annecy (meilleure mise en sc\u00e8ne)<\/h3>\n<p><img fetchpriority=\"high\" decoding=\"async\" class=\"alignnone size-full wp-image-311\" src=\"https:\/\/lesescholiers.fr\/site\/wp-content\/uploads\/2014\/07\/Emporte-Piece.jpg\" alt=\"Emporte-Piece\" width=\"500\" height=\"362\" srcset=\"https:\/\/lesescholiers.fr\/site\/wp-content\/uploads\/2014\/07\/Emporte-Piece.jpg 500w, https:\/\/lesescholiers.fr\/site\/wp-content\/uploads\/2014\/07\/Emporte-Piece-300x217.jpg 300w, https:\/\/lesescholiers.fr\/site\/wp-content\/uploads\/2014\/07\/Emporte-Piece-480x347.jpg 480w\" sizes=\"(max-width: 500px) 100vw, 500px\" \/><br \/>\n<a href=\"http:\/\/www.cielemportepiece.fr\/\">http:\/\/www.cielemportepiece.fr\/<\/a><\/p>\n<h3>Prix du Public<\/h3>\n<p><img decoding=\"async\" class=\"alignnone size-full wp-image-431\" src=\"https:\/\/lesescholiers.fr\/site\/wp-content\/uploads\/2014\/07\/Chats-Garous.jpg\" alt=\"Chats-Garous\" width=\"500\" height=\"358\" srcset=\"https:\/\/lesescholiers.fr\/site\/wp-content\/uploads\/2014\/07\/Chats-Garous.jpg 500w, https:\/\/lesescholiers.fr\/site\/wp-content\/uploads\/2014\/07\/Chats-Garous-300x214.jpg 300w, https:\/\/lesescholiers.fr\/site\/wp-content\/uploads\/2014\/07\/Chats-Garous-480x343.jpg 480w\" sizes=\"(max-width: 500px) 100vw, 500px\" \/><br \/>\n<a href=\"http:\/\/ciedeschatsgarous.wix.com\/theatre\">http:\/\/ciedeschatsgarous.wix.com\/theatre<\/a><\/p>\n<h3>Prix Coup de C\u0153ur<\/h3>\n<p><img decoding=\"async\" class=\"alignnone size-full wp-image-432\" src=\"https:\/\/lesescholiers.fr\/site\/wp-content\/uploads\/2014\/07\/ExceTheatre.jpg\" alt=\"ExceTheatre\" width=\"500\" height=\"343\" srcset=\"https:\/\/lesescholiers.fr\/site\/wp-content\/uploads\/2014\/07\/ExceTheatre.jpg 500w, https:\/\/lesescholiers.fr\/site\/wp-content\/uploads\/2014\/07\/ExceTheatre-300x205.jpg 300w, https:\/\/lesescholiers.fr\/site\/wp-content\/uploads\/2014\/07\/ExceTheatre-480x329.jpg 480w\" sizes=\"(max-width: 500px) 100vw, 500px\" \/><\/p>\n<h3>Prix Camille Mugnier<\/h3>\n<p><img loading=\"lazy\" decoding=\"async\" class=\"alignnone size-full wp-image-433\" src=\"http:\/\/lesescholiers.fr\/sitewp-content\/uploads\/2014\/07\/Atelier-du-lundi.jpg\" alt=\"Atelier-du-lundi\" width=\"500\" height=\"362\" srcset=\"https:\/\/lesescholiers.fr\/site\/wp-content\/uploads\/2014\/07\/Atelier-du-lundi.jpg 500w, https:\/\/lesescholiers.fr\/site\/wp-content\/uploads\/2014\/07\/Atelier-du-lundi-300x217.jpg 300w, https:\/\/lesescholiers.fr\/site\/wp-content\/uploads\/2014\/07\/Atelier-du-lundi-480x347.jpg 480w\" sizes=\"(max-width: 500px) 100vw, 500px\" \/><br \/>\n<a href=\"https:\/\/sites.google.com\/site\/atelierdulundi\/\">https:\/\/sites.google.com\/site\/atelierdulundi\/<\/a><\/p>\n<h2>Galerie<\/h2>\n","protected":false},"excerpt":{"rendered":"<p>Le 7\u00e8me festival est termin\u00e9. Merci \u00e0 tous les participants. [youtube id=\u00a0\u00bbVZuGxkCveoQ\u00a0\u00bb width=\u00a0\u00bb560&Prime; height=\u00a0\u00bb315&Prime; wmode=\u00a0\u00bbtransparent\u00a0\u00bb showinfo=\u00a0\u00bb0&Prime; autohide=\u00a0\u00bb1&Prime; quality=\u00a0\u00bbauto\u00a0\u00bb] Palmar\u00e8s Prix de la Ville d&rsquo;Annecy (meilleure mise en sc\u00e8ne) http:\/\/www.cielemportepiece.fr\/ Prix du Public http:\/\/ciedeschatsgarous.wix.com\/theatre Prix Coup de C\u0153ur Prix Camille Mugnier&#8230;<\/p>\n","protected":false},"author":1,"featured_media":0,"parent":303,"menu_order":0,"comment_status":"closed","ping_status":"closed","template":"template-three-column.php","meta":{"_exactmetrics_skip_tracking":false,"_exactmetrics_sitenote_active":false,"_exactmetrics_sitenote_note":"","_exactmetrics_sitenote_category":0,"footnotes":""},"class_list":["post-310","page","type-page","status-publish","hentry"],"_links":{"self":[{"href":"https:\/\/lesescholiers.fr\/site\/wp-json\/wp\/v2\/pages\/310","targetHints":{"allow":["GET"]}}],"collection":[{"href":"https:\/\/lesescholiers.fr\/site\/wp-json\/wp\/v2\/pages"}],"about":[{"href":"https:\/\/lesescholiers.fr\/site\/wp-json\/wp\/v2\/types\/page"}],"author":[{"embeddable":true,"href":"https:\/\/lesescholiers.fr\/site\/wp-json\/wp\/v2\/users\/1"}],"replies":[{"embeddable":true,"href":"https:\/\/lesescholiers.fr\/site\/wp-json\/wp\/v2\/comments?post=310"}],"version-history":[{"count":14,"href":"https:\/\/lesescholiers.fr\/site\/wp-json\/wp\/v2\/pages\/310\/revisions"}],"predecessor-version":[{"id":813,"href":"https:\/\/lesescholiers.fr\/site\/wp-json\/wp\/v2\/pages\/310\/revisions\/813"}],"up":[{"embeddable":true,"href":"https:\/\/lesescholiers.fr\/site\/wp-json\/wp\/v2\/pages\/303"}],"wp:attachment":[{"href":"https:\/\/lesescholiers.fr\/site\/wp-json\/wp\/v2\/media?parent=310"}],"curies":[{"name":"wp","href":"https:\/\/api.w.org\/{rel}","templated":true}]}}