{"id":288,"date":"2014-07-13T17:56:42","date_gmt":"2014-07-13T16:56:42","guid":{"rendered":"https:\/\/lesescholiers.fr\/site\/?page_id=288"},"modified":"2022-09-21T21:31:54","modified_gmt":"2022-09-21T20:31:54","slug":"les-petits-escholiers","status":"publish","type":"page","link":"https:\/\/lesescholiers.fr\/site\/les-petits-escholiers\/","title":{"rendered":"Les Petits Escholiers"},"content":{"rendered":"<div class=\"wpb-content-wrapper\"><p>[vc_row][vc_column][vc_column_text]<\/p>\n<p>Les Escholiers, riches de leur 94 ann\u00e9es d\u2019exp\u00e9rience, ont souhait\u00e9 ouvrir leur compagnie aux plus jeunes en 2009, ils d\u00e9cident donc de cr\u00e9er une troupe de jeunes qui r\u00e9p\u00e9tera dans les m\u00eames conditions, dans le tr\u00e8s intime et convivial Th\u00e9\u00e2tre de l\u2019Echange.<\/p>\n<p>R\u00e9p\u00e9titions le le mardi :<br \/>1er groupe 17h30-19h00( 11-14 ans )<br \/>2er groupe 19h-20h30 ( 15 -18 ans )<br \/>Co\u00fbt : 330 euros payable en trois fois (inscriptions FNCTA et Escholiers comprises)<\/p>\n<div>Contact :<\/div>\n<div class=\"yiv0778712791\">Florence DELORME<\/div>\n<div class=\"yiv0778712791\">06 16 55 22 73<\/div>\n\n<p>&nbsp;<\/p>\n\n<figure class=\"wp-block-image size-large is-resized\"><img decoding=\"async\" class=\"wp-image-4761\" src=\"https:\/\/lesescholiers.fr\/site\/wp-content\/uploads\/2020\/06\/LOGO-cheque-loISIRS-JEUNES.jpg\" alt=\"\" width=\"191\" height=\"166\" srcset=\"https:\/\/lesescholiers.fr\/site\/wp-content\/uploads\/2020\/06\/LOGO-cheque-loISIRS-JEUNES.jpg 762w, https:\/\/lesescholiers.fr\/site\/wp-content\/uploads\/2020\/06\/LOGO-cheque-loISIRS-JEUNES-300x261.jpg 300w, https:\/\/lesescholiers.fr\/site\/wp-content\/uploads\/2020\/06\/LOGO-cheque-loISIRS-JEUNES-480x418.jpg 480w\" sizes=\"(max-width: 191px) 100vw, 191px\" \/><\/figure>\n\n<p>\u00a0<span class=\"fontstyle0\">Le d\u00e9but de l\u2019aventure d\u00e9marre en 2009, un groupe de dix jeunes com\u00e9diens, accompagn\u00e9 \u00e0 la mise en sc\u00e8ne par Florence Delorme, se lance dans les traces de leurs a\u00een\u00e9s.<br \/>L\u2019id\u00e9e est de travailler comme les grands, l\u2019objectif est le m\u00eame, ce n\u2019est pas un atelier mais une troupe, qui pr\u00e9sente la r\u00e9alisation de la saison au cours de plusieurs repr\u00e9sentations.<br \/>Depuis 2011, les petits Escholiers participent aussi \u00e0 un spectacle de No\u00ebl avec les \u00ab grands \u00bb.<br \/>2009-2010, \u00ab Les 21 infortunes d\u2019Arlequin \u00bb Cr\u00e9ation de Florence Delorme (d\u2019apr\u00e8s un canevas de Goldoni)<br \/>2010-2011, \u00ab C\u2019est par ici , les prisons \u00bb Cr\u00e9ation de Florence Delorme avec 12 com\u00e9diens<br \/>En 2011- 2012, la troupe s\u2019agrandit : 20 com\u00e9diens de 8 \u00e0 13 ans ! Qu\u2019\u00e0 cela ne tienne il y aura d\u00e9sormais deux groupes. Le premier monte \u00abLa Fontaine y buvait de l\u2019eau, ce type l\u00e0 ?\u00bb d\u2019apr\u00e8s un texte de Sylvaine Hinglais, le deuxi\u00e8me \u00ab HUIT \u00bb une cr\u00e9ation de Florence Delorme (un hommage \u00e0 8 femmes de R.Thomas).<\/span><br \/><span class=\"fontstyle0\">Depuis 9 ans, en alternance, la troupe fonctionne soit en deux groupes et monte deux spectacles soit en un seul groupe et cr\u00e9e une pi\u00e8ce de plus grande envergure,<br \/>Nous avons mont\u00e9s depuis 2013 :<br \/>Antigone de J. Anouilh, Rom\u00e9o &amp; Juliette de W. Shakespeare,, La Machine Infernal de J.Cocteau, Les parapluies Mouill\u00e9s de M.Delerm, 12 hommes en col\u00e8re de R.Rose, Alice le retour d\u2019apr\u00e8s M.Berth\u00e9l\u00e9m\u00e9. Ainsi que des cr\u00e9ations Errance, 3H du mat\u2019, Les ni\u00e8ces de Moli\u00e8re, Le proc\u00e8s de Moli\u00e8re de F.Delorme, Le train de P. Launay, M\u00eame Pas Peur de F.Delorme &amp; P.Launay.<\/span><\/p>\n<p><span class=\"fontstyle0\">Aujourd\u2019hui la troupe accueille 26 jeunes de 11 \u00e0 18 ans. Elle participe depuis plusieurs ann\u00e9es \u00e0 La f\u00eate de la science, fait partie de l\u2019\u00e9quipe d\u2019organisation du festival et joue environ 6 repr\u00e9sentations en juin.<\/span><\/p>\n<p>[\/vc_column_text][\/vc_column][\/vc_row]<\/p>\n<\/div>","protected":false},"excerpt":{"rendered":"<p>[vc_row][vc_column][vc_column_text] Les Escholiers, riches de leur 94 ann\u00e9es d\u2019exp\u00e9rience, ont souhait\u00e9 ouvrir leur compagnie aux plus jeunes en 2009, ils d\u00e9cident donc de cr\u00e9er une troupe de jeunes qui r\u00e9p\u00e9tera dans les m\u00eames conditions, dans le tr\u00e8s intime et convivial&#8230;<\/p>\n","protected":false},"author":1,"featured_media":0,"parent":0,"menu_order":0,"comment_status":"closed","ping_status":"closed","template":"","meta":{"_exactmetrics_skip_tracking":false,"_exactmetrics_sitenote_active":false,"_exactmetrics_sitenote_note":"","_exactmetrics_sitenote_category":0,"footnotes":""},"class_list":["post-288","page","type-page","status-publish","hentry"],"_links":{"self":[{"href":"https:\/\/lesescholiers.fr\/site\/wp-json\/wp\/v2\/pages\/288","targetHints":{"allow":["GET"]}}],"collection":[{"href":"https:\/\/lesescholiers.fr\/site\/wp-json\/wp\/v2\/pages"}],"about":[{"href":"https:\/\/lesescholiers.fr\/site\/wp-json\/wp\/v2\/types\/page"}],"author":[{"embeddable":true,"href":"https:\/\/lesescholiers.fr\/site\/wp-json\/wp\/v2\/users\/1"}],"replies":[{"embeddable":true,"href":"https:\/\/lesescholiers.fr\/site\/wp-json\/wp\/v2\/comments?post=288"}],"version-history":[{"count":15,"href":"https:\/\/lesescholiers.fr\/site\/wp-json\/wp\/v2\/pages\/288\/revisions"}],"predecessor-version":[{"id":6127,"href":"https:\/\/lesescholiers.fr\/site\/wp-json\/wp\/v2\/pages\/288\/revisions\/6127"}],"wp:attachment":[{"href":"https:\/\/lesescholiers.fr\/site\/wp-json\/wp\/v2\/media?parent=288"}],"curies":[{"name":"wp","href":"https:\/\/api.w.org\/{rel}","templated":true}]}}