{"id":2800,"date":"2018-08-30T19:15:09","date_gmt":"2018-08-30T18:15:09","guid":{"rendered":"https:\/\/lesescholiers.fr\/site\/?page_id=2800"},"modified":"2019-06-03T19:27:23","modified_gmt":"2019-06-03T18:27:23","slug":"festival-2019","status":"publish","type":"page","link":"https:\/\/lesescholiers.fr\/site\/festival\/festival-2019\/","title":{"rendered":"Festival 2019"},"content":{"rendered":"\n<figure class=\"wp-block-image\"><img fetchpriority=\"high\" decoding=\"async\" width=\"549\" height=\"786\" src=\"https:\/\/lesescholiers.fr\/site\/wp-content\/uploads\/2019\/05\/Festival2019.jpg\" alt=\"\" class=\"wp-image-3892\" srcset=\"https:\/\/lesescholiers.fr\/site\/wp-content\/uploads\/2019\/05\/Festival2019.jpg 549w, https:\/\/lesescholiers.fr\/site\/wp-content\/uploads\/2019\/05\/Festival2019-210x300.jpg 210w, https:\/\/lesescholiers.fr\/site\/wp-content\/uploads\/2019\/05\/Festival2019-480x687.jpg 480w\" sizes=\"(max-width: 549px) 100vw, 549px\" \/><\/figure>\n\n\n\n<p>Cette 12e \u00e9dition, qui s&rsquo;est d\u00e9roul\u00e9e du 29 mai au 2 juin 2019 \u00e0 Annecy est maintenant termin\u00e9e. Merci \u00e0 tous les participants, aux troupes toutes plus chouettes les unes que les autres, aux b\u00e9n\u00e9voles du Festival, \u00e0 la ville d&rsquo;Annecy, aux r\u00e9gisseurs, \u00e0 nos sponsors, et surtout au public. A tr\u00e8s bient\u00f4t.<\/p>\n\n\n\n<h2 class=\"wp-block-heading\">PALMAR\u00c8S<\/h2>\n\n\n\n<p>Prix du Public : Issue de secours par la Compagnie TA 58 <br>Prix du jury jeunes : Terminal 2 : Rendez-vous porte E par la Troupe en chantiers<br>Prix coup de c\u0153ur : Alpenstock  par C\u2019est pas moi, c\u2019est toi<br>Prix Ville d\u2019Annecy, meilleure mise en sc\u00e8ne : Bats l\u2019enfance par la Troupalex<br>Prix Camille Mugnier : L\u2019entretien de M. Descartes avec M. Pascal le jeune par le Th\u00e9\u00e2tre du triangle <\/p>\n\n\n\n<h2 class=\"wp-block-heading\">PROGRAMME<\/h2>\n\n\n\n<p><a href=\"https:\/\/www.dropbox.com\/s\/ct90xuxlaak4xh7\/ProgrammeFestivalEscholiers2019.pdf?dl=0\">&gt;&gt;&gt;T\u00e9l\u00e9charger le programme complet au format pdf.<\/a><\/p>\n\n\n\n<h3 class=\"wp-block-heading\">MERCREDI 29 MAI &#8211; Soir\u00e9e d&rsquo;inauguration <\/h3>\n\n\n\n<h4 class=\"wp-block-heading\"> 18h30 &#8211; LE HARAS <\/h4>\n\n\n\n<p> Ado-Missile<br> De Pierre Launay Compagnie Acte Un<\/p>\n\n\n\n<h4 class=\"wp-block-heading\">19h30 : Animation musicale par \u201cA la rue . com\u201d <\/h4>\n\n\n\n<h4 class=\"wp-block-heading\">20h : Repas champ\u00eatre et festif <\/h4>\n\n\n\n<p>Soupe \u00e0 l\u2019oignon, cochonnet de lait roti \u00e0 la broche, glace, boisson<br>Prix : 8 \u20ac &#8211; tickets \u00e0 retirer \u00e0 l\u2019entr\u00e9e du Haras<\/p>\n\n\n\n<h3 class=\"wp-block-heading\">JEUDI 30 MAI<\/h3>\n\n\n\n<h4 class=\"wp-block-heading\">JEUDI 30 MAI &#8211; 11h00 &#8211; L\u2019ECHANGE THE\u00c2TRE CAMILLE MUGNIER    <\/h4>\n\n\n\n<p>AGNES BELLADONE<br>Jean Paul Al\u00e8gre<br>L\u2019Estrade \u2013 dur\u00e9e 1 h 20<\/p>\n\n\n\n<h4 class=\"wp-block-heading\">JEUDI 30 MAI &#8211; 14h30 &#8211; L\u2019ECHANGE THE\u00c2TRE CAMILLE MUGNIER <\/h4>\n\n\n\n<p>L\u2019ENTRETIEN DE M. DESCARTES AVEC  M. PASCAL LE JEUNE <br>Jean Claude Brisville<br>Le Th\u00e9\u00e2tre du Triangle \u2013 dur\u00e9e 1 h<\/p>\n\n\n\n<h4 class=\"wp-block-heading\">JEUDI 30 MAI &#8211; 16h30 &#8211; SALLE PIERRE LAMY<\/h4>\n\n\n\n<p>QUAND J\u2019AURAI DU VIAN DANS MON CR\u00c2NE <br> Boris Vian<br> Les Faces \u00e0 Main \u2013 dur\u00e9e 1 h 45<\/p>\n\n\n\n<h4 class=\"wp-block-heading\">JEUDI 30 MAI &#8211; 18h30 &#8211; L\u2019ECHANGE THE\u00c2TRE CAMILLE MUGNIER   <\/h4>\n\n\n\n<p style=\"text-align:left\">LES AIGUILLEURS <br>Brian Phelan (traduction Isabelle Famchon)<br>Compagnie ZigZag \u2013 dur\u00e9e 1 h 25<\/p>\n\n\n\n<h4 class=\"wp-block-heading\">JEUDI 30 MAI &#8211; 21h00 &#8211; SALLE PIERRE LAMY<\/h4>\n\n\n\n<p> SUNDERLAND<br> Cl\u00e9ment Koch<br> La Cie du Th\u00e9\u00e2tre Entre Nous\u2026 dur\u00e9e : 1 h 30<\/p>\n\n\n\n<h3 class=\"wp-block-heading\">VENDREDI 31 MAI<\/h3>\n\n\n\n<h4 class=\"wp-block-heading\"> VENDREDI 31 MAI &#8211; 11h00 &#8211; L\u2019ECHANGE THE\u00c2TRE CAMILLE MUGNIER<\/h4>\n\n\n\n<p>BATS L\u2019ENFANCE<br>Adeline Picault<br>La Troupalex \u2013 dur\u00e9e 1 h<\/p>\n\n\n\n<h4 class=\"wp-block-heading\">VENDREDI 31 MAI &#8211; 14h30 &#8211; L\u2019ECHANGE THE\u00c2TRE CAMILLE MUGNIER<\/h4>\n\n\n\n<p> LA SALI\u00c8RE <br> G\u00e9rard Levoyer<br> I Have a Dream \u2013 dur\u00e9e 1 h 45<\/p>\n\n\n\n<h4 class=\"wp-block-heading\">VENDREDI 31 MAI &#8211; 16h30 &#8211; SALLE PIERRE LAMY<\/h4>\n\n\n\n<p>LES H\u00c9RITIERS<br>Alain Krief<br>Th\u00e9\u00e2tre d\u2019en Face \u2013 dur\u00e9e 1 h 20<\/p>\n\n\n\n<h4 class=\"wp-block-heading\">VENDREDI 31 MAI &#8211; 18h30 &#8211; L\u2019ECHANGE THE\u00c2TRE CAMILLE MUGNIER<\/h4>\n\n\n\n<p>PETIT BOULOT POUR VIEUX CLOWN <br>Mat\u00e9i Visniec<br>Th\u00e9\u00e2tre D\u00e9pareill\u00e9 \u2013 dur\u00e9e 1 h 20<\/p>\n\n\n\n<h4 class=\"wp-block-heading\">VENDREDI 31 MAI &#8211; 21h00 &#8211; SALLE PIERRE LAMY<\/h4>\n\n\n\n<p> TERMINAL 2 : RENDEZ-VOUS PORTE E<br> Pierre-Henri Gayte<br> La Troupe en Chantiers \u2013 dur\u00e9e 1 h 30<\/p>\n\n\n\n<h3 class=\"wp-block-heading\">SAMEDI 1ER JUIN<\/h3>\n\n\n\n<h4 class=\"wp-block-heading\">SAMEDI 1ER JUIN &#8211; 11h00 &#8211; L\u2019ECHANGE THE\u00c2TRE CAMILLE MUGNIER<\/h4>\n\n\n\n<p>ISSUE DE SECOURS<br>Natacha Astuto<br>Compagnie TA 58 \u2013 dur\u00e9e 1 h<\/p>\n\n\n\n<h4 class=\"wp-block-heading\">SAMEDI 1ER JUIN &#8211; 14h30 &#8211; L\u2019ECHANGE THE\u00c2TRE CAMILLE MUGNIER <\/h4>\n\n\n\n<p> DREYFUS, L\u2019AFFAIRE<br> Pierrette Dupoyet<br> Les Com\u00e9diens de la Tour \u2013 dur\u00e9e 1 h 15<\/p>\n\n\n\n<h4 class=\"wp-block-heading\">SAMEDI 1ER JUIN &#8211; 16h30 &#8211; SALLE PIERRE LAMY<\/h4>\n\n\n\n<p> LE REPAS DES FAUVES<br> Vah\u00e9 Katcha \u2013 Adaptation Julien Sibre<br> L\u2019atelier du Lundi \u2013 dur\u00e9e 1 h 30<\/p>\n\n\n\n<h4 class=\"wp-block-heading\">SAMEDI 1ER JUIN &#8211; 18h30 &#8211; L\u2019ECHANGE THE\u00c2TRE CAMILLE MUGNIER<\/h4>\n\n\n\n<p> ALPENSTOCK<br> R\u00e9mi De Vos<br> C\u2019est pas moi, c\u2019est toi \u2013 dur\u00e9e 0 h 45<\/p>\n\n\n\n<h4 class=\"wp-block-heading\">SAMEDI 1ER JUIN &#8211; 21h00 &#8211; SALLE PIERRE LAMY<\/h4>\n\n\n\n<p> VOUS DANSEZ ?<br> Cr\u00e9ation Collective Proscenia<br> Proscenia Compagnie Th\u00e9\u00e2trale \u2013 dur\u00e9e 1 h 15<\/p>\n\n\n\n<h3 class=\"wp-block-heading\">DIMANCHE 2 JUIN &#8211; SALLE PIERRE LAMY<\/h3>\n\n\n\n<p> 9h30 D\u00e9bat : \u00abLes diff\u00e9rentes fa\u00e7ons d\u2019\u00e9crire :  \u00e0 la commande, de plateau, individuelle, collective, les m\u00e9thodes d\u2019\u00e9criture, les motivations, les inspirations \u00bb <br> Anim\u00e9 par Natacha Astuto, G\u00e9rard Levoyer, Pierre-Henri Gayte<br> 10 h45 Remise des prix<\/p>\n\n\n\n<p> <a href=\"https:\/\/www.dropbox.com\/s\/ct90xuxlaak4xh7\/ProgrammeFestivalEscholiers2019.pdf?dl=0\">&gt;&gt;&gt;T\u00e9l\u00e9charger le programme complet au format pdf. <\/a><\/p>\n\n\n\n<h2 class=\"wp-block-heading\">BILLETTERIE<\/h2>\n\n\n\n<h3 class=\"wp-block-heading\">DATES ET HORAIRES DE LA BILLETTERIE<\/h3>\n\n\n\n<p> Mardi 28 mai 2019 : Th\u00e9\u00e2tre de l\u2019Echange de 10 h 30 \u00e0  12 h 00<br> Mercredi 29 mai 2019 : Th\u00e9\u00e2tre de l\u2019Echange de 10 h 30 \u00e0 12 h 00<br> Mercredi 29 mai 2019 : Le Haras de 18 h 00 \u00e0 20 h 00<\/p>\n\n\n\n<p>Durant le festival la billetterie se fera exclusivement \u00e0 la salle Pierre Lamy<br>\nJeudi 30 mai, Vendredi 31 mai et  Samedi 1er juin 2019  : <br>\n10 h \u00e0 12 h et de 13 h 30 \u00e0 21 h 00<\/p>\n\n\n\n<h3 class=\"wp-block-heading\">TARIFS<\/h3>\n\n\n\n<p> <strong>Abonnement nominatif pour les 15 repr\u00e9sentations : 60 \u20ac<\/strong><br> Lors de l\u2019achat d\u2019un abonnement, il vous sera remis un badge nominatif ainsi que les 15 billets sp\u00e9cifiques pour chaque spectacle. L\u2019abonnement donne droit \u00e0 la r\u00e9servation d\u2019une place dans chaque salle.<\/p>\n\n\n\n<p><strong>Prix d\u00e9gressif par quantit\u00e9<\/strong><br> Tarif Normal :    1er Billet 10 \u20ac &#8211; 2\u00e8me Billet 8 \u20ac &#8211; Billets suivants 6 \u20ac<br> Tarif r\u00e9duit :    Sur pr\u00e9sentation de la carte : Membres FNCTA \u2013 Etudiants \u2013 Demandeurs d\u2019emploi : 1er Billet 8\u20ac &#8211; Billets suivants 6 \u20ac<\/p>\n\n\n\n<p>Enfant jusqu\u2019\u00e0 12 ans :    Tous les billets \u00e0 5 \u20ac.<br>Carte Annecy-Pass :    Tous les billets \u00e0 3 \u20ac<\/p>\n\n\n\n<p>INFORMATIONS<br>06.52.07.87.98 \/ 06.99.11.87.23  <\/p>\n\n\n\n<h2 class=\"wp-block-heading\">LIEUX DU FESTIVAL<\/h2>\n\n\n\n<p><a href=\"https:\/\/drive.google.com\/open?id=1ntRVF-2PaDmbrWUzQcP_yUh8f8zTeGpj&amp;usp=sharing\"> Th\u00e9\u00e2tre de l\u2019Echange &#8211; 26 rue Sommeiller ANNECY<br> Salle Pierre Lamy &#8211; 12 rue de la R\u00e9publique ANNECY<br> Le Haras &#8211; 19 rue Guillaume Fichet  ANNECY<\/a><\/p>\n\n\n\n<figure class=\"wp-block-image\"><a href=\"https:\/\/drive.google.com\/open?id=1ntRVF-2PaDmbrWUzQcP_yUh8f8zTeGpj&amp;usp=sharing\"><img decoding=\"async\" width=\"599\" height=\"269\" src=\"https:\/\/lesescholiers.fr\/site\/wp-content\/uploads\/2014\/07\/carte.png\" alt=\"\" class=\"wp-image-320\" srcset=\"https:\/\/lesescholiers.fr\/site\/wp-content\/uploads\/2014\/07\/carte.png 599w, https:\/\/lesescholiers.fr\/site\/wp-content\/uploads\/2014\/07\/carte-300x134.png 300w, https:\/\/lesescholiers.fr\/site\/wp-content\/uploads\/2014\/07\/carte-480x215.png 480w\" sizes=\"(max-width: 599px) 100vw, 599px\" \/><\/a><\/figure>\n","protected":false},"excerpt":{"rendered":"<p>Cette 12e \u00e9dition, qui s&rsquo;est d\u00e9roul\u00e9e du 29 mai au 2 juin 2019 \u00e0 Annecy est maintenant termin\u00e9e. Merci \u00e0 tous les participants, aux troupes toutes plus chouettes les unes que les autres, aux b\u00e9n\u00e9voles du Festival, \u00e0 la ville&#8230;<\/p>\n","protected":false},"author":1,"featured_media":0,"parent":303,"menu_order":0,"comment_status":"closed","ping_status":"closed","template":"","meta":{"_exactmetrics_skip_tracking":false,"_exactmetrics_sitenote_active":false,"_exactmetrics_sitenote_note":"","_exactmetrics_sitenote_category":0,"footnotes":""},"class_list":["post-2800","page","type-page","status-publish","hentry"],"_links":{"self":[{"href":"https:\/\/lesescholiers.fr\/site\/wp-json\/wp\/v2\/pages\/2800","targetHints":{"allow":["GET"]}}],"collection":[{"href":"https:\/\/lesescholiers.fr\/site\/wp-json\/wp\/v2\/pages"}],"about":[{"href":"https:\/\/lesescholiers.fr\/site\/wp-json\/wp\/v2\/types\/page"}],"author":[{"embeddable":true,"href":"https:\/\/lesescholiers.fr\/site\/wp-json\/wp\/v2\/users\/1"}],"replies":[{"embeddable":true,"href":"https:\/\/lesescholiers.fr\/site\/wp-json\/wp\/v2\/comments?post=2800"}],"version-history":[{"count":8,"href":"https:\/\/lesescholiers.fr\/site\/wp-json\/wp\/v2\/pages\/2800\/revisions"}],"predecessor-version":[{"id":4072,"href":"https:\/\/lesescholiers.fr\/site\/wp-json\/wp\/v2\/pages\/2800\/revisions\/4072"}],"up":[{"embeddable":true,"href":"https:\/\/lesescholiers.fr\/site\/wp-json\/wp\/v2\/pages\/303"}],"wp:attachment":[{"href":"https:\/\/lesescholiers.fr\/site\/wp-json\/wp\/v2\/media?parent=2800"}],"curies":[{"name":"wp","href":"https:\/\/api.w.org\/{rel}","templated":true}]}}