{"id":2359,"date":"2017-08-26T20:25:10","date_gmt":"2017-08-26T19:25:10","guid":{"rendered":"https:\/\/lesescholiers.fr\/site\/?page_id=2359"},"modified":"2018-05-30T20:04:40","modified_gmt":"2018-05-30T19:04:40","slug":"festival-2018","status":"publish","type":"page","link":"https:\/\/lesescholiers.fr\/site\/festival-2018\/","title":{"rendered":"Festival 2018"},"content":{"rendered":"<p><a href=\"https:\/\/lesescholiers.fr\/site\/wp-content\/uploads\/2018\/04\/LesEscholiers_festival2018affiche.jpg\"><img decoding=\"async\" class=\"alignleft wp-image-1210 size-medium\" src=\"https:\/\/lesescholiers.fr\/site\/wp-content\/uploads\/2018\/04\/LesEscholiers_festival2018affiche.jpg\" alt=\"11eme-Festival-Escholiers_2018\" width=\"750\" \/><\/a><\/p>\n<p>Et voil\u00e0, c&rsquo;est fini !!! Le 11\u00e8me festival de th\u00e9\u00e2tre amateur organis\u00e9 par les Escholiers a pris fin, apr\u00e8s 4 jours de repr\u00e9sentations, animations et belles rencontres. Le public \u00e9tait au rendez-vous car la fr\u00e9quentation a d\u00e9pass\u00e9 de presque 15 % celle de l&rsquo;an dernier !<br \/>\nMerci donc aux nombreux spectateurs, et \u00e0 tous ceux qui ont soutenu cet \u00e9v\u00e9nement culturel. <\/p>\n<h2>PALMARES<\/h2>\n<p>Prix Jury jeune : \u00ab\u00a0une semaine&#8230; Pas plus !!!\u00a0\u00bb par la troupe \u00ab\u00a0La Divine Com\u00e9die des Yvelines<br \/>\nPrix du Public : \u00ab\u00a0La maison\u00a0\u00bb Th\u00e9\u00e2tre de la Lucarne de Cr\u00e9teil<br \/>\nPrix \u00ab\u00a0coup de coeur\u00a0\u00bb : \u00ab\u00a0La vie r\u00eav\u00e9e de nous\u00a0\u00bb par la troupe Nez Nets et Cie du Gard<br \/>\nPrix de la meilleure mise en sc\u00e8ne : \u00a0\u00bb Hors contr\u00f4le\u00a0\u00bb par la Cie Grain de sc\u00e8ne de Cannes<br \/>\nPrix Camille Mugnier : \u00ab\u00a0Le Quatri\u00e8me mur\u00a0\u00bb par Le Collectif Les Sans Lendemain de Paris<\/p>\n<h2>DATES ET LIEUX<\/h2>\n<h3>L\u2019ECHANGE THE\u00c2TRE CAMILLE MUGNIER<\/h3>\n<h4>JEUDI 10 MAI<\/h4>\n<p>11h00 LA VIE REVEE DE NOUS<br \/>\nCr\u00e9ation<br \/>\nNez nets et Cie<\/p>\n<p>14h30 ORPHELINS<br \/>\nDennis Kelly<br \/>\nLa vie en relief<\/p>\n<p>18h30 L\u2019HISTOIRE DES OURS PANDAS RACONTEE PAR UN SAXOPHONISTE QUI A UNE PETITE AMIE A FRANCFORT<br \/>\nMatei Viesniec<br \/>\nLa Cie des Mots \u00e0 Coulisses<\/p>\n<h4>VENDREDI 11 MAI<\/h4>\n<p>11h00 L\u2019HOMME GRIS<br \/>\nMarie Laberge<br \/>\nLa Mouette 11055<\/p>\n<p>14h30 L\u2019ETRANGER<br \/>\nAlbert Camus<br \/>\nTh\u00e9\u00e2tre d\u2019Urgence<\/p>\n<p>18h30 INTOLERANCE<br \/>\nIsra\u00ebl Horovitz<br \/>\nTh\u00e9\u00e2tre Parts C\u0153ur<\/p>\n<h4>SAMEDI 12 MAI<\/h4>\n<p>11h00 SI CE N\u2019EST TOI<br \/>\nEdward Bond<br \/>\nCompagnie \u00d4\u2019Perch\u00e9e<\/p>\n<p>14h30 LA MAISON<br \/>\nDaniel Delabesse<br \/>\nTh\u00e9\u00e2tre de la Lucarne<\/p>\n<p>18h30 LE DIABLE ROUGE<br \/>\nAntoine Rault<br \/>\nTh\u00e9\u00e2tre sans gage<\/p>\n<h3>SALLE PIERRE LAMY<\/h3>\n<h4>JEUDI 10 MAI<\/h4>\n<p>16h30 HORS CONTR\u00d4LE<br \/>\nDidier Beaumont<br \/>\nGrain de Sc\u00e8ne<\/p>\n<p>21h00 UNE SEMAINE \u2026..PAS PLUS<br \/>\nCl\u00e9ment Michel<br \/>\nLa Divine Com\u00e9die<\/p>\n<h4>VENDREDI 11 MAI<\/h4>\n<p>16h30 LE 4\u00e8me MUR<br \/>\nSorj Chalendon<br \/>\nLe Collectif Les Sans Lendemain<\/p>\n<p>21h00 J\u2019Y SUIS, J\u2019 RESTE<br \/>\nRaymond Vinci \u2013 Jean Valmy<br \/>\nMasque des Pyramides<\/p>\n<h4>SAMEDI 12 MAI<\/h4>\n<p>16h30 LA FAMILLE LATONNELLE<br \/>\nCr\u00e9ation Collective<br \/>\nToujours Debout<\/p>\n<p>21h00 LE SERVITEUR DES DEUX MA\u00ceTRES<br \/>\nCarlo Goldoni<br \/>\nLes Escholiers de Plaisance du Touch<\/p>\n<p><img fetchpriority=\"high\" decoding=\"async\" class=\"alignleft size-full wp-image-2527\" src=\"https:\/\/lesescholiers.fr\/site\/wp-content\/uploads\/2018\/04\/LesEscholiers_festival2018-recapitulatifdates.jpg\" alt=\"R\u00e9capitulatif d\u00e9taill\u00e9 du festival 2018 des Escholiers\" width=\"582\" height=\"826\" srcset=\"https:\/\/lesescholiers.fr\/site\/wp-content\/uploads\/2018\/04\/LesEscholiers_festival2018-recapitulatifdates.jpg 582w, https:\/\/lesescholiers.fr\/site\/wp-content\/uploads\/2018\/04\/LesEscholiers_festival2018-recapitulatifdates-211x300.jpg 211w, https:\/\/lesescholiers.fr\/site\/wp-content\/uploads\/2018\/04\/LesEscholiers_festival2018-recapitulatifdates-480x681.jpg 480w\" sizes=\"(max-width: 582px) 100vw, 582px\" \/><\/p>\n<h2>LE PROGRAMME D\u00c9TAILL\u00c9<\/h2>\n<p>La vie r\u00eav\u00e9e de nous (cr\u00e9ation)<br \/>\nMais que font-ils quand ils ne sont pas \u00e0 l\u2019h\u00f4pital\u00a0?<br \/>\nMiss P\u00e9tula et J\u00f6rje sont voisins, mais un palier les s\u00e9pare. Oseront-ils le franchir un jour\u00a0?<\/p>\n<p>Orphelins (Dennis Kelly)<br \/>\nLiam et Helen sont orphelins. Un soir, Liam, couvert de sang, interrompt un d\u00eener chez sa s\u0153ur et son beau-fr\u00e8re. Le couple veut comprendre ce qui s\u2019est pass\u00e9, mais le r\u00e9cit du gar\u00e7on est confus. Les certitudes de chacun vont alors voler en \u00e9clats et l\u2019intimit\u00e9 familiale se gangr\u00e9ner devant le poids de la responsabilit\u00e9.<\/p>\n<p>L\u2019histoire des ours pandas racont\u00e9e par un saxophoniste<br \/>\nqui a une petite amie \u00e0 Francfort (Mathei Viesniec)<br \/>\nLui, le saxophoniste, se r\u00e9veille un beau matin avec une femme nue dans son lit. Il lui demande\u00a0: \u00ab\u00a0nous avons fait l\u2019amour\u00a0?\u00a0\u00bb Pas de r\u00e9ponse\u00a0! Alors il lui demande de lui accorder neuf nuits pour se conna\u00eetre, peut-\u00eatre remplir un vide, accepter une fin\u2026 mais quelle sera-t-elle\u00a0?<\/p>\n<p>L\u2019homme gris (Marie Laberge)<br \/>\nAu Qu\u00e9bec, nous p\u00e9n\u00e9trons dans l\u2019intimit\u00e9 des retrouvailles entre un p\u00e8re et sa fille, dans des conditions m\u00e9lodramatiques. Il parle mais elle ne r\u00e9pond que par des hochements de t\u00eate et reste prostr\u00e9e.<br \/>\nQuel sera le r\u00e9sultat de cette confrontation\u00a0? R\u00e9cit cru, chirurgical et qui donne une image gla\u00e7ante de la victimisation d\u2019un \u00eatre proche et soi-disant aim\u00e9\u00a0!<\/p>\n<p>L\u2019\u00e9tranger (Camus)<br \/>\n\u00ab\u00a0J\u2019ai secou\u00e9 la sueur et le soleil. J\u2019ai compris que j\u2019avais d\u00e9truit l\u2019\u00e9quilibre du jour, le silence exceptionnel d\u2019une plage o\u00f9 j\u2019avais \u00e9t\u00e9 heureux. Alors, j\u2019ai tir\u00e9 quatre fois sur un corps inerte (\u2026) Et c\u2019\u00e9tait comme quatre coups brefs que je frappais sur la porte du malheur.\u00a0\u00bb<\/p>\n<p>Intol\u00e9rance (Isra\u00ebl Horovitz)<br \/>\nDans \u00ab\u00a0Trois semaines apr\u00e8s le paradis\u00a0\u00bb, le grand auteur new-yorkais Isra\u00ebl Horovitz raconte avec \u00e9motion et humour, ce qu&rsquo;il a v\u00e9cu et ressenti avec sa famille, pendant les semaines qui ont suivi les attaques du 11 septembre contre les tours. Puis il \u00e9voque les assassinats de Charlie Hebdo en janvier 2015, en transposant la question de l&rsquo;exposition des caricatures de Charlie \u00e0 une galerie de photos d&rsquo;art \u00e0 New York.<\/p>\n<p>Si ce n\u2019est toi (Edward Bond)<br \/>\nNous sommes en 2077, dans un monde en ruines, r\u00e9glement\u00e9, o\u00f9 chacun ne poss\u00e8de qu\u2019une table et une chaise qui lui est propre. Nous assistons \u00e0 un huis-clos dramatique entre Jams, sa femme Sara et Grit qui arrive d\u2019un monde parall\u00e8le et se pr\u00e9tend le fr\u00e8re de Sara. A partir de cet instant, la m\u00e9canique de leur quotidien s\u2019enraye. Comment se d\u00e9barrasser de cet intrus envahissant\u00a0?<\/p>\n<p>La maison (Daniel Delabesse)<br \/>\nTrois fr\u00e8res et une s\u0153ur se retrouvent le temps d\u2019un week-end pour vendre la maison des parents d\u00e9c\u00e9d\u00e9s. La vie les a s\u00e9par\u00e9s, ils ne savent plus rien les uns des autres, chacun a continu\u00e9 son chemin de son c\u00f4t\u00e9.<br \/>\nLe temps de ce week-end, ils vont se parler, se regarder, se red\u00e9couvrir. Une fois la maison vendue, pourront-ils se retrouver \u00e0 nouveau\u00a0?<\/p>\n<p>Le diable rouge (Antoine Rault)<br \/>\nL\u2019action se situe 1660, les finances du Royaume de France sont au plus bas. Le jeune Louis XIV est amoureux de Marie Macini, ni\u00e8ce du cardinal Mazarin. Mais celui-ci souhaite signer la paix en la mariant \u00e0 l\u2019infante d\u2019Espagne. De son c\u00f4t\u00e9, la reine de d\u00e9courager la jeune Marie. Raison contre passion, intrigues et manipulations, le diable rouge tire ses derni\u00e8res ficelles tandis que Jean-Baptiste Colbert se pr\u00e9pare \u00e0 servir le Roi-Soleil.<\/p>\n<p>Hors contr\u00f4le (Didier Beaumont)<br \/>\nClaire est inspectrice des imp\u00f4ts et c\u00e9libataire endurcie. Un \u00ab\u00a0client \u00ab\u00a0diff\u00e9rent et irrationnel et impr\u00e9visible va d\u00e9stabiliser sa vie. L\u2019humour grin\u00e7ant de l\u2019auteur\u00a0ponctue d\u2019\u00e9claircies un ciel sombre et charg\u00e9. L\u2019orage n\u2019est jamais loin. L\u2019arc-en-ciel non plus.<\/p>\n<p>Une semaine\u2026pas plus\u00a0! (Cl\u00e9ment Michel)<br \/>\nPaul annonce \u00e0 Sophie, sa compagne, que son meilleur ami Martin va venir s\u2019installer quelque temps chez eux. Il veut en r\u00e9alit\u00e9 la quitter, pensant que cette situation fera voler leur couple en \u00e9clats. D\u00e9marre alors un m\u00e9nage \u00e0 trois totalement explosif\u00a0!<\/p>\n<p>Le quatri\u00e8me mur (Sorj Chalendon)<br \/>\nGeorges est investi d\u2019une mission qui semble utopique\u00a0: monter l\u2019Antigone d\u2019Anouilh \u00e0 Beyrout, en plein conflit, en trouvant des com\u00e9diens issus de communaut\u00e9s ennemies\u00a0: chiite, druze, chr\u00e9tien\u2026 Voler deux heures \u00e0 la guerre pour une tr\u00eave po\u00e9tique. Quel espoir\u00a0!\u00a0? C\u2019est un p\u00e9riple, une \u00e9pop\u00e9e, une r\u00e9volution qui nous touche au plus profond.<\/p>\n<p>J\u2019y suis, j\u2019y reste (Raymond Vinci \u2013 Jean Valmy )<br \/>\nUne restauratrice de bas quartier s\u2019est fait d\u00e9rober son sac contenant ses papiers d\u2019identit\u00e9. Dix ans plus tard, voulant \u00e9pouser son barman, elle apprend que sa voleuse a \u00e9pous\u00e9, en empruntant son propre nom, un jeune baron. Elle d\u00e9cide, alors, de se pr\u00e9senter au manoir de son \u00ab \u00e9poux l\u00e9gal \u00bb pour lui d\u00e9voiler la v\u00e9rit\u00e9 et r\u00e9clamer le divorce, semant la perturbation dans l\u2019existence du baron et de sa tante une comtesse tr\u00e8s \u00e0 cheval sur les traditions. Finalement c\u2019est un cardinal, en visite au ch\u00e2teau, qui trouvera une issue \u00e0 cette situation.<\/p>\n<p>La famille Latonnelle (Cr\u00e9ation collective)<br \/>\nLa famille Latonnelle r\u00e8gne sur une petite ville o\u00f9 elle poss\u00e8de une quincaillerie qui fait sa fiert\u00e9. Mais un incendie d\u00e9truit partiellement ce commerce. S\u2019ensuit un conseil de famille o\u00f9 secrets, mensonges et peurs ressortent.<\/p>\n<p>Le serviteur des deux ma\u00eetres (Carlo Goldoni)<br \/>\n\u00ab Truffaldin, se lamente car son ma\u00eetre, tout occup\u00e9 \u00e0 ses amours ne prend jamais le temps de manger. Rong\u00e9 par la faim, il se fait engager par un deuxi\u00e8me ma\u00eetre, comptant bien ainsi pouvoir se repa\u00eetre. Mais il n\u2019est pas certain que travailler plus, permette de manger plus\u2026 Bien au contraire, ce sont les imbroglios et les coups de b\u00e2ton qui vont pleuvoir sur le pauvre Truffaldin. \u00bb<\/p>\n<h2>LES OBJECTIFS DU FESTIVAL DES ESCHOLIERS<\/h2>\n<p>Les Escholiers se sont fix\u00e9 deux objectifs primordiaux. Le premier, d\u00e9montrer au plus grand nombre de spectateurs ann\u00e9ciens et touristes, que le th\u00e9\u00e2tre amateur offre tr\u00e8s souvent une qualit\u00e9 de spectacle qui n\u2019a rien \u00e0 envier au th\u00e9\u00e2tre professionnel. Le deuxi\u00e8me, faire de ce festival un moment d&rsquo;\u00e9changes et de rencontres. C&rsquo;est pourquoi nous mettons un point d&rsquo;honneur \u00e0 recevoir les festivaliers de la mani\u00e8re la plus conviviale possible.<\/p>\n<h2>BILLETERIE<\/h2>\n<p>Tarif d\u00e9gressif<\/p>\n<h3>Th\u00e9\u00e2tre de l\u2019Echange<\/h3>\n<p>mardi 8 mai de 15h \u00e0 18h<br \/>\nmercredi 9 mai de 10h30 \u00e0 12h<\/p>\n<h3>Le Haras<\/h3>\n<p>mercredi 9 mai de 17h30 \u00e0 20h<\/p>\n<h3>Salle Pierre Lamy<\/h3>\n<p>jeudi 9 mai<br \/>\nvendredi 10 mai<br \/>\nsamedi 11 mai<br \/>\nde 10h \u00e0 12h et de 13h30 \u00e0 21h<\/p>\n<h2>EN IMAGES<\/h2>\n<p>Cr\u00e9dits photos : Yannick Perrin<\/p>\n","protected":false},"excerpt":{"rendered":"<p>Et voil\u00e0, c&rsquo;est fini !!! Le 11\u00e8me festival de th\u00e9\u00e2tre amateur organis\u00e9 par les Escholiers a pris fin, apr\u00e8s 4 jours de repr\u00e9sentations, animations et belles rencontres. Le public \u00e9tait au rendez-vous car la fr\u00e9quentation a d\u00e9pass\u00e9 de presque 15&#8230;<\/p>\n","protected":false},"author":1,"featured_media":0,"parent":0,"menu_order":0,"comment_status":"closed","ping_status":"closed","template":"template-three-column.php","meta":{"_exactmetrics_skip_tracking":false,"_exactmetrics_sitenote_active":false,"_exactmetrics_sitenote_note":"","_exactmetrics_sitenote_category":0,"footnotes":""},"class_list":["post-2359","page","type-page","status-publish","hentry"],"_links":{"self":[{"href":"https:\/\/lesescholiers.fr\/site\/wp-json\/wp\/v2\/pages\/2359","targetHints":{"allow":["GET"]}}],"collection":[{"href":"https:\/\/lesescholiers.fr\/site\/wp-json\/wp\/v2\/pages"}],"about":[{"href":"https:\/\/lesescholiers.fr\/site\/wp-json\/wp\/v2\/types\/page"}],"author":[{"embeddable":true,"href":"https:\/\/lesescholiers.fr\/site\/wp-json\/wp\/v2\/users\/1"}],"replies":[{"embeddable":true,"href":"https:\/\/lesescholiers.fr\/site\/wp-json\/wp\/v2\/comments?post=2359"}],"version-history":[{"count":13,"href":"https:\/\/lesescholiers.fr\/site\/wp-json\/wp\/v2\/pages\/2359\/revisions"}],"predecessor-version":[{"id":2589,"href":"https:\/\/lesescholiers.fr\/site\/wp-json\/wp\/v2\/pages\/2359\/revisions\/2589"}],"wp:attachment":[{"href":"https:\/\/lesescholiers.fr\/site\/wp-json\/wp\/v2\/media?parent=2359"}],"curies":[{"name":"wp","href":"https:\/\/api.w.org\/{rel}","templated":true}]}}