{"id":1235,"date":"2016-03-09T10:00:03","date_gmt":"2016-03-09T09:00:03","guid":{"rendered":"https:\/\/lesescholiers.fr\/site\/?page_id=1235"},"modified":"2016-05-11T08:50:51","modified_gmt":"2016-05-11T07:50:51","slug":"limportance-detre-constant","status":"publish","type":"page","link":"https:\/\/lesescholiers.fr\/site\/limportance-detre-constant\/","title":{"rendered":"L&rsquo;importance d&rsquo;\u00eatre constant"},"content":{"rendered":"<p>\u00ab\u00a0L&rsquo;importance d&rsquo;\u00eatre constant\u00a0\u00bb<br \/>\nde Oscar Wilde<br \/>\nMise en sc\u00e8ne de Bernard Walser<\/p>\n<p><em>Les 27 et 28 mai \u00e0 20h30, 3 et 4 juin \u00e0 20h30, 4 et 5 juin \u00e0 17h, 21, 22, 28, 29 octobre \u00e0 20h30, 22, 23, 29 et 30 octobre \u00e0 17h au <a href=\"https:\/\/www.google.fr\/maps\/place\/26+Rue+Sommeiller,+74000+Annecy\/\">Th\u00e9atre de l\u2019Echange \u00e0 Annecy<\/a><\/em><\/p>\n<p>Cr\u00e9\u00e9e triomphalement en 1895, L&rsquo;importance d&rsquo;\u00eatre constant est l&rsquo;une des com\u00e9dies les plus aristocratiques jamais \u00e9crites: ironie, mauvaise foi, pirouettes et non-sens y tiennent salon, pour le plus grand bonheur du spectateur.<br \/>\nSur une structure de drame bourgeois (mariage contrari\u00e9 et enfant perdu), Oscar Wilde plaque un h\u00e9ros de roman, mais coup\u00e9 en deux.<br \/>\nA ma gauche, Jack Worthing, gentleman de province, richissime, mais orphelin.<br \/>\nA ma droite, Algernon Moncrieff, le meilleur ami de Jack, londonien jusqu&rsquo;au bout des ongles, d&rsquo;excellente famille mais sans le sou.<br \/>\nPour fuir la campagne, Jack s&rsquo;est invent\u00e9 un fr\u00e8re londonien. Fatigu\u00e9 des mondanit\u00e9s, Algernon doit consoler un grand ami \u00e0 l&rsquo;agonie, Bunbury&#8230; une excellente excuse pour fuir la capitale.<br \/>\nA Londres, sous l&rsquo;identit\u00e9 de son \u00abfr\u00e8re\u00bb Constant, Jack demande la main de la belle Gwendolen. Catastrophe: elle l&rsquo;aime \u00e0 la folie, charm\u00e9e et \u00e9blouie par ce pr\u00e9nom. Doit-il lui dire la v\u00e9rit\u00e9?<br \/>\nLe m\u00eame malheur attend Algernon \u00e0 la campagne, o\u00f9 la divine Cecily (la pupille de Jack) ne saurait \u00e9pouser qu&rsquo;un homme nomm\u00e9 Constant.<\/p>\n<p>[toggle_box state=\u00a0\u00bbclosed\u00a0\u00bb type=\u00a0\u00bbdefault\u00a0\u00bb title=\u00a0\u00bbR\u00e9server\u00a0\u00bb]<br \/>\n[contact-form-7 id=\u00a0\u00bb1239&Prime; title=\u00a0\u00bbR\u00e9servations &#8211; L&rsquo;importance d\u2019\u00eatre constant\u00a0\u00bb]<br \/>\n[\/toggle_box]<\/p>\n<p>[toggle_box state=\u00a0\u00bbclosed\u00a0\u00bb type=\u00a0\u00bbdefault\u00a0\u00bb title=\u00a0\u00bbInformations pratiques\u00a0\u00bb]<\/p>\n<p>TARIFS :<\/p>\n<p>tarif normal : 10 \u20ac<br \/>\ntarif Fncta sur pr\u00e9sentation de la carte : 8 \u20ac<br \/>\ntarif r\u00e9duit (\u00e9tudiant, ch\u00f4meur) : 5 \u20ac<br \/>\nenfant gratuit jusqu\u2019\u00e0 12 ans<br \/>\n***<\/p>\n<p>THEATRE DE L&rsquo;ECHANGE<br \/>\n26 rue Sommeiller<br \/>\n74000 Annecy<\/p>\n<p><a href=\"https:\/\/www.google.fr\/maps\/place\/26+Rue+Sommeiller,+74000+Annecy\/\"><img fetchpriority=\"high\" decoding=\"async\" class=\"alignnone size-full wp-image-320\" src=\"https:\/\/lesescholiers.fr\/site\/wp-content\/uploads\/2014\/07\/carte.png\" alt=\"carte\" width=\"599\" height=\"269\" srcset=\"https:\/\/lesescholiers.fr\/site\/wp-content\/uploads\/2014\/07\/carte.png 599w, https:\/\/lesescholiers.fr\/site\/wp-content\/uploads\/2014\/07\/carte-300x134.png 300w, https:\/\/lesescholiers.fr\/site\/wp-content\/uploads\/2014\/07\/carte-480x215.png 480w\" sizes=\"(max-width: 599px) 100vw, 599px\" \/><\/a><\/p>\n<p>[\/toggle_box]<\/p>\n<p>&nbsp;<\/p>\n","protected":false},"excerpt":{"rendered":"<p>\u00ab\u00a0L&rsquo;importance d&rsquo;\u00eatre constant\u00a0\u00bb de Oscar Wilde Mise en sc\u00e8ne de Bernard Walser Les 27 et 28 mai \u00e0 20h30, 3 et 4 juin \u00e0 20h30, 4 et 5 juin \u00e0 17h, 21, 22, 28, 29 octobre \u00e0 20h30, 22, 23,&#8230;<\/p>\n","protected":false},"author":1,"featured_media":0,"parent":0,"menu_order":0,"comment_status":"closed","ping_status":"closed","template":"template-three-column.php","meta":{"_exactmetrics_skip_tracking":false,"_exactmetrics_sitenote_active":false,"_exactmetrics_sitenote_note":"","_exactmetrics_sitenote_category":0,"footnotes":""},"class_list":["post-1235","page","type-page","status-publish","hentry"],"_links":{"self":[{"href":"https:\/\/lesescholiers.fr\/site\/wp-json\/wp\/v2\/pages\/1235","targetHints":{"allow":["GET"]}}],"collection":[{"href":"https:\/\/lesescholiers.fr\/site\/wp-json\/wp\/v2\/pages"}],"about":[{"href":"https:\/\/lesescholiers.fr\/site\/wp-json\/wp\/v2\/types\/page"}],"author":[{"embeddable":true,"href":"https:\/\/lesescholiers.fr\/site\/wp-json\/wp\/v2\/users\/1"}],"replies":[{"embeddable":true,"href":"https:\/\/lesescholiers.fr\/site\/wp-json\/wp\/v2\/comments?post=1235"}],"version-history":[{"count":5,"href":"https:\/\/lesescholiers.fr\/site\/wp-json\/wp\/v2\/pages\/1235\/revisions"}],"predecessor-version":[{"id":1240,"href":"https:\/\/lesescholiers.fr\/site\/wp-json\/wp\/v2\/pages\/1235\/revisions\/1240"}],"wp:attachment":[{"href":"https:\/\/lesescholiers.fr\/site\/wp-json\/wp\/v2\/media?parent=1235"}],"curies":[{"name":"wp","href":"https:\/\/api.w.org\/{rel}","templated":true}]}}