{"id":1198,"date":"2015-07-22T21:25:57","date_gmt":"2015-07-22T20:25:57","guid":{"rendered":"https:\/\/lesescholiers.fr\/site\/?page_id=1198"},"modified":"2016-08-24T20:40:52","modified_gmt":"2016-08-24T19:40:52","slug":"festival-2016","status":"publish","type":"page","link":"https:\/\/lesescholiers.fr\/site\/festival\/festival-2016\/","title":{"rendered":"2016"},"content":{"rendered":"<p><a href=\"https:\/\/lesescholiers.fr\/site\/wp-content\/uploads\/2015\/07\/9eme-Festival-Escholiers_2016.jpg\"><img fetchpriority=\"high\" decoding=\"async\" class=\"alignleft wp-image-1210 size-medium\" src=\"https:\/\/lesescholiers.fr\/site\/wp-content\/uploads\/2015\/07\/9eme-Festival-Escholiers_2016-212x300.jpg\" alt=\"9eme-Festival-Escholiers_2016\" width=\"212\" height=\"300\" srcset=\"https:\/\/lesescholiers.fr\/site\/wp-content\/uploads\/2015\/07\/9eme-Festival-Escholiers_2016-212x300.jpg 212w, https:\/\/lesescholiers.fr\/site\/wp-content\/uploads\/2015\/07\/9eme-Festival-Escholiers_2016-960x1357.jpg 960w, https:\/\/lesescholiers.fr\/site\/wp-content\/uploads\/2015\/07\/9eme-Festival-Escholiers_2016-1024x1448.jpg 1024w, https:\/\/lesescholiers.fr\/site\/wp-content\/uploads\/2015\/07\/9eme-Festival-Escholiers_2016-480x679.jpg 480w, https:\/\/lesescholiers.fr\/site\/wp-content\/uploads\/2015\/07\/9eme-Festival-Escholiers_2016.jpg 1181w\" sizes=\"(max-width: 212px) 100vw, 212px\" \/><\/a><\/p>\n<h2>PALMARES<\/h2>\n<p>Prix public<br \/>\nSoeurs de G\u00e9rard Levoyer<br \/>\nI Have a dream<\/p>\n<p>Prix jeune<br \/>\nPorte de Montreuil de L\u00e9a Fazer<br \/>\nTh\u00e9\u00e2tre d\u00e9paraill\u00e9<\/p>\n<p>Prix coup de coeur<br \/>\nLe Refuge de James Saunders<br \/>\nCot\u00e9 cours-cot\u00e9 jardin<\/p>\n<p>Prix ville d&rsquo;Annecy<br \/>\nL&rsquo;amour dans une usine de poissons d&rsquo;Isra\u00ebl Horovitz<br \/>\nLes baladins de Marly<\/p>\n<p>Prix Camille Mugnier<br \/>\nPorte de Montreuil de L\u00e9a Fazer<br \/>\nTh\u00e9\u00e2tre d\u00e9paraill\u00e9<\/p>\n<h2>MERCI<\/h2>\n<p>Merci \u00e0 tous les participants \u00e0 ce 9\u00e8me festival de th\u00e9\u00e2tre amateur des Escholiers.<\/p>\n<h2>PROGRAMME DU FESTIVAL<\/h2>\n<p>Vous pouvez <a href=\"https:\/\/lesescholiers.fr\/site\/wp-content\/uploads\/2016\/04\/Programme_detail_Festival_Escholiers-2016.pdf\">t\u00e9l\u00e9charger le programme d\u00e9taill\u00e9 du 9\u00e8me festival des Escholiers<\/a>.<\/p>\n<p>[toggle_box state=\u00a0\u00bbclosed\u00a0\u00bb type=\u00a0\u00bbdefault\u00a0\u00bb title=\u00a0\u00bbLe programme\u00a0\u00bb]<\/p>\n<h3>Mercredi 4 mai 20 h 00 &#8211; Bonlieu  Sc\u00e8ne Nationale \u00ab Petite Salle \u00bb : CENDRILLON de Jo\u00ebl Pommerat  &#8211; Terminale L, option Th\u00e9\u00e2tre, Lyc\u00e9e Baudelaire <\/h3>\n<p>Quand elle \u00e9tait encore presque une enfant, une tr\u00e8s jeune fille qui avait beaucoup d\u2019imagination avait connu un tr\u00e8s grand malheur, un malheur qui heureusement n\u2019arrive que tr\u00e8s rarement aux enfants. Un jour, la m\u00e8re de cette tr\u00e8s jeune fille \u00e9tait tomb\u00e9e tr\u00e8s malade, atteinte d\u2019une maladie mortelle.<br \/>\nDans l\u2019histoire que Jo\u00ebl Pommerat et nous allons vous raconter, les mots ont failli avoir des cons\u00e9quences catastrophiques sur la vie de Sandra. Les mots sont tr\u00e8s utiles, mais ils peuvent aussi \u00eatre tr\u00e8s dangereux, surtout si on les comprend de travers. Ce qui est certain, c\u2019est que cette histoire n\u2019aurait pas \u00e9t\u00e9 la m\u00eame si la tr\u00e8s jeune fille avait entendu parfaitement ce que sa m\u00e8re lui avait dit. Mais vous le verrez, pour les histoires, les erreurs ne sont pas toujours inint\u00e9ressantes\u2026<br \/>\nEn se r\u00e9appropriant l\u2019histoire de Cendrillon, Jo\u00ebl Pommerat reprend l\u2019id\u00e9e ch\u00e8re \u00e0 Borges qu\u2019on n\u2019\u00e9crit pas \u00e0 partir de rien, que tout, peut-\u00eatre, a d\u00e9j\u00e0 \u00e9t\u00e9 \u00e9crit. Il ne nous reste qu\u2019\u00e0 conter, conter encore&#8230;<\/p>\n<h3>Jeudi 5 mai 11 h 00 &#8211; Th\u00e9\u00e2tre de l\u2019Echange &#8211; Bouli Ann\u00e9e Z\u00e9ro de Fabrice Melquiot -Quartet Th\u00e9\u00e2tre<\/h3>\n<p>Angeline Binocla et Pilou Rotondo se pr\u00e9parent \u00e0 devenir parents, entre excitation et tourments. En particulier quand la voisine, Berthe la Folle, s&rsquo;introduit dans la chambre parentale avec G\u00fcnther, son gros rhinoc\u00e9ros allemand qui fait peur \u00e0 tout le monde. Pendant ce temps, Bouli, en boule dans le ventre de Mama Binocla, se pose d\u00e9j\u00e0 tout un tas de questions sur ce qui l&rsquo;attend \u00e0 l&rsquo;ext\u00e9rieur. Bouli observe sa m\u00e8re, il la voit faire du dedans. Il voit ce qu&rsquo;elle voit, entend ce qu&rsquo;elle entend, sent ce qu&rsquo;elle aime. Et si avant la vie, il y avait d\u00e9j\u00e0 quelque chose ?<\/p>\n<h3>Jeudi 5 mai 14 h 30 &#8211; Th\u00e9\u00e2tre de l\u2019Echange : Petits crimes conjugaux d\u2019Eric Emmanuel  Schmitt &#8211; Emergence <\/h3>\n<p>Gilles est victime d\u2019un myst\u00e9rieux accident. Amn\u00e9sique, \u00e9tranger \u00e0 lui-m\u00eame, il revient chez lui aupr\u00e8s de Lisa, sa femme depuis 15 ans.<br \/>\nQui est-il ? Qui est Lisa ? Comment vivait leur couple ?<br \/>\nA partir de ce qu\u2019elle lui raconte, il tente de recomposer son existence. Mais si Lisa mentait ?<br \/>\nUn suspens \u00e9tonnant sur le couple \u00e0 la recherche de la v\u00e9rit\u00e9\u2026 Un texte finement cisel\u00e9, m\u00ealant myst\u00e8re, intrigue, humour et philosophie, des personnages complexes et riants de v\u00e9rit\u00e9 et d\u2019amour.<\/p>\n<h3>Jeudi 5 mai 16 h 30 &#8211; Salle Pierre Lamy   : L\u2019amour dans une usine de poissons d\u2019Isra\u00ebl  Horovitz &#8211; Les baladins de Marly <\/h3>\n<p>Ici, \u00e0 Gloucester, on se conna\u00eet tous, on va \u00e0 l\u2019\u00e9cole ensemble, on vit ensemble et on bosse \u00e0 la North Shore Fish depuis des g\u00e9n\u00e9rations. On travaille le poisson \u00e0 la cha\u00eene. On d\u00e9coupe, on traite, on cong\u00e8le, on emballe, on exp\u00e9die. Seulement, ces derniers temps, les affaires sont franchement en baisse\u2026 Entre deux aventures, Sally, notre contrema\u00eetre, fait ce qu\u2019il peut pour \u00e9viter la fermeture. Au beau milieu de ce marasme ambiant, on s\u2019\u00e9chine \u00e0 faire tourner la bo\u00eete pour faire bouillir la marmite. Aujourd\u2019hui sera un jour d\u00e9cisif : une inspectrice de l\u2019hygi\u00e8ne vient contr\u00f4ler la cha\u00eene pour faire son rapport. Drague et confidences, coups de gueule et franches rigolades : notre avenir \u00e0 tous est en train de se jouer. Bienvenue \u00e0 la North Shore Fish !<\/p>\n<h3> Jeudi 5 mai 18 h 30 &#8211; Th\u00e9\u00e2tre de l\u2019Echange :  L\u2019enfer Parmentier adaptation de Georges P\u00e9rec &#8211; Coup de Th\u00e9\u00e2tre <\/h3>\n<p>Six femmes se retrouvent dans un espace clos, et, inlassablement, comme une punition, \u00e9pluchent des pommes de terre.<br \/>\nA tour de r\u00f4le, elles prennent la parole et se laissent embarquer dans leurs r\u00eaves, leurs souvenirs, leurs peurs et leurs espoirs.<br \/>\nA tour de r\u00f4le, l\u2019une d\u2019elles est le gardien-serviteur-nourrice-juge qui les surveille, emp\u00eache les d\u00e9bordements et les remet \u00e0 leur place pour reprendre la corv\u00e9e d\u2019\u00e9pluchure.<br \/>\nEst-ce le purgatoire, la prison, l\u2019asile ?<br \/>\nL\u2019histoire de la pomme de terre et de son promoteur, Parmentier, n\u2019est ici qu\u2019un pr\u00e9texte pour Georges P\u00e9rec, qui fait \u00e9cho \u00e0 un autre de ses textes \u00ab Je me souviens \u00bb.<br \/>\nNe pas oublier\u2026  Se souvenir\u2026<br \/>\nCette pi\u00e8ce est une rencontre entre son histoire personnelle et le Grand Histoire. Il nous rappelle que les mots, la m\u00e9moire et l\u2019imaginaire permettent de r\u00e9sister et de survivre.<br \/>\nL\u2019enfer Parmentier ?&#8230; Plus de logique, plus de raison\u2026 mais un fantastique carrousel de la vie.<\/p>\n<h3>Jeudi 5 mai 21 h 30 &#8211; Salle Pierre Lamy : Tailleur pour dames de Georges Feydeau &#8211; Th\u00e9\u00e2tre de la Cit\u00e9 de Fribourg <\/h3>\n<p>Cr\u00e9\u00e9e en 1886, \u00ab\u2009Tailleur pour Dames\u2009\u00bb est la cinqui\u00e8me pi\u00e8ce de Feydeau. Elle est surtout sa premi\u00e8re grande pi\u00e8ce, qui enchante enfin les critiques. Elle met en sc\u00e8ne Moulineaux, un m\u00e9decin \u00e0 la vie paisible et doucement bourgeoise. Mari\u00e9 \u00e0 Yvonne, il caresse l\u2019espoir de s\u00e9duire l\u2019\u00e9l\u00e9gante Suzanne Aubin. Mais c\u2019est sans compter le mari de la belle, une \u00e9pouse suspicieuse, une belle-m\u00e8re acari\u00e2tre et un vilain g\u00eaneur qui s\u2019incruste. Le bon docteur se voit alors emport\u00e9 dans une aventure parsem\u00e9e de quiproquos et de mensonges\u2026 Un vrai r\u00e9gal\u2009!<\/p>\n<h3>Vendredi 6 mai 11 h 00 &#8211; Th\u00e9\u00e2tre de l\u2019Echange &#8211; Porte de Montreuil de L\u00e9o Fazer &#8211; Th\u00e9\u00e2tre D\u00e9pareill\u00e9 <\/h3>\n<p>Qu\u2019ils soient amis, coll\u00e8gues voisins anonymes, peu importe ; le quotidien conduit deux hommes \u00e0 \u00e9changer autour de divers sujets les uns les plus s\u00e9rieux que les autres, les premiers plus absurdes que les seconds. Toujours en profondeur, dans le souci d\u2019aller jusqu\u2019au bout d\u2019une argumentation sens\u00e9e, ils abordent entre autres : la question du sens de l\u2019orientation, la th\u00e9orie cart\u00e9sienne, le ou les fantasmes sexuels, la recette de la p\u00e2te \u00e0 cr\u00eapes\u2026. Parfois en rivalit\u00e9 ou au contraire dans une intime complicit\u00e9, ces clowns (osons les nommer respectueusement ainsi), nous attendriront ou bien nous agacerons tant ils viennent parfois nous \u00ab titiller \u00bb. Et si tout cela n\u2019\u00e9tait qu\u2019un jeu d\u2019enfant, une ritournelle populaire ?<\/p>\n<h3>Vendredi  6 mai 14 h 30 &#8211; Th\u00e9\u00e2tre de l\u2019Echange : Louise et Madeleine de Fran\u00e7oise Bonne &#8211; Th\u00e9\u00e2tre parts c\u0153ur <\/h3>\n<p>Paris 1904, l\u2019\u00e9t\u00e9 est \u00e9touffant ! Madeleine Pelletier a 30 ans, elle est la premi\u00e8re femme psychiatre \u00e0 exercer en France. Ardente militante f\u00e9ministe et libertaire, elle monte l\u2019escalier pour rencontrer Louise Michel. La Louise a 74 ans, elle a connu Victor Hugo, la Commune de Paris, la d\u00e9portation, la prison. Ensemble elles vont partager leurs id\u00e9aux, pour b\u00e2tir un monde meilleur.<\/p>\n<h3>Vendredi 6 mai 16 h 30 &#8211; Salle Pierre Lamy : Eph\u00e9m\u00e8re de Geoffroy Mathieu &#8211; Th\u00e9\u00e2tre de l\u2019Aurore <\/h3>\n<p>Chaque nuit, Martin anime une \u00e9mission de libre antenne sur Radio FM-Air. Il invite les auditeurs \u00e0 parler et s\u2019exprimer librement. C\u2019est aussi un illusionniste qui interpr\u00e8te, durant la nuit, plusieurs r\u00f4les d\u2019animateur, qui se nourrit des histoires de ses auditeurs.<br \/>\nSeb est un \u00eatre sombre. Il se r\u00e9veille la nuit et nourrit sa haine des hommes \u00e0 l\u2019\u00e9coute des \u00e9missions de Martin, dont l\u2019id\u00e9alisme et la na\u00efvet\u00e9 \u00e9veille en lui un d\u00e9sir de destruction.<br \/>\nNicolas est un jeune auditeur assidu de Radio FM-Air. Cette nuit, c\u2019est son anniversaire. Pour le f\u00eater, et pour rompre sa solitude, il va envahir les \u00e9missions de Radio FM-Air.<br \/>\nPouss\u00e9 par Martin, l\u2019animateur, et dans le confort du dialogue radiophonique, Nicolas ouvre les portes de son intimit\u00e9 et de ses fantasmes. Il en oublie qu\u2019il devient malgr\u00e9 lui une proie pour d\u2019autres auditeurs.<\/p>\n<h3>Vendredi 6 mai 18 h 30 &#8211; Th\u00e9\u00e2tre de l\u2019Echange &#8211; Tr\u00e8s ch\u00e8re Mathilde de Isra\u00ebl Horovitz -Th\u00e9\u00e2tre Solaire <\/h3>\n<p>Aussi immature que fauch\u00e9, Mathias Gold arrive \u00e0 Paris de New York avec l\u2019intention de refaire sa vie en vendant un appartement dont il a r\u00e9cemment h\u00e9rit\u00e9. Mauvaise surprise, il d\u00e9couvre que son p\u00e8re lui a l\u00e9gu\u00e9 l\u2019appartement occup\u00e9 en viager avec des locataires permanentes : Mathilde, octog\u00e9naire rus\u00e9e et imposante, et Chlo\u00e9, sa fille imp\u00e9tueuse. La cohabitation ne sera pas de tout repos. Myst\u00e8res et histoires seront d\u00e9voil\u00e9s et ces trois personnes apprendront \u00e0 quel point les vies peuvent changer radicalement en une courte semaine, quand les \u00e9v\u00e8nements du pass\u00e9 reviennent hanter  le pr\u00e9sent. Un drame \u00e0 la fois comique, poignant et touchant.<\/p>\n<h3>Vendredi 6 mai 21 h 00 &#8211; Salle Pierre Lamy : Les fous de la Reine de Jacques Rampal &#8211; Art\u2019Sc\u00e9nic <\/h3>\n<p>Un pays imaginaire, une reine folle, un fou pas si fou, une princesse nymphomane, un ministre sans scrupule, un cheval de bois, Chatterton le chat, un passage secret d\u00e9rob\u00e9, un haut-parleur, le printemps, un cocktail de fous dans un monde de fous.<br \/>\nCe pays est dirig\u00e9 par une vieille reine infanticide, manipulatrice qui r\u00e8gne sans partage sur un peuple soumis.<br \/>\nCe printemps est-il porteur d\u2019espoir, La reine sent venir la fin de sa vie. Qui va lui succ\u00e9der ? La princesse \u00e9lev\u00e9e loin des r\u00e9alit\u00e9s du monde ? Le ministre ne reculant devant aucune sale besogne ? Le fou qui semble nourrir quelques ambitions ?<br \/>\nEt le peuple, spectateur de ceux qui le gouvernent, saura-t-il r\u00e9agir et changer le destin ?<\/p>\n<h3>Samedi 7 mai 11 h 00 &#8211; Th\u00e9\u00e2tre de l\u2019Echange : Tronches de vie, cr\u00e9ation collective &#8211; Un coin de th\u00e9\u00e2tre <\/h3>\n<p>A la fois burlesque et touchant, Tronches de vie expose une galerie de portraits de clowns urbains hors-norme. Un quotidien atypique et surprenant m\u00ealant des sentiments extr\u00eames aux personnages poignants et cruels, qui parfois fr\u00f4lent l\u2019absurde !<br \/>\nLa pi\u00e8ce est construite d\u2019apr\u00e8s un travail d\u2019improvisations th\u00e9\u00e2trales et de recherches de personnages clownesques. Chaque com\u00e9dien a fa\u00e7onn\u00e9 une identit\u00e9 propre \u00e0 son clown, le tout dans un univers \u00e0 la fois singulier et intemporel guid\u00e9 par la vision professionnelle du metteur en sc\u00e8ne : Florent PELAYO.<br \/>\nL\u2019objectif de cette cr\u00e9ation est de mettre en avant les liens interg\u00e9n\u00e9rationnels qui soudent les membres d\u2019une m\u00eame famille.<br \/>\nUne naissance qui r\u00e9sulte d\u2019un d\u00e9sir commun de m\u00ealer habilement la d\u00e9rision d\u2019une soci\u00e9t\u00e9 \u00e0 la recherche du bonheur avec un humour qui ne laisse pas indiff\u00e9rent.<\/p>\n<h3>Samedi 7 mai 14 h 30 &#8211; Th\u00e9\u00e2tre de l\u2019Echange : s\u0153urs de G\u00e9rard Levoyer &#8211; I have a dream <\/h3>\n<p>Annette revient assister aux derni\u00e8res secondes de vie de sa m\u00e8re et retrouver, par la m\u00eame occasion, Pauline, sa s\u0153ur qu\u2019elle n\u2019a jamais revue depuis son d\u00e9part de la maison bien des ann\u00e9es auparavant.<br \/>\nDifficile de renouer un dialogue dans ces conditions. Difficile d\u2019\u00e9touffer le pass\u00e9, les ranc\u0153urs, les jalousies ; d\u2019accepter les diff\u00e9rences, d\u2019\u00e9viter les jugements, la morale, de vivre un deuil quand il y a de la souffrance enfouie. En quelques petits jours partag\u00e9s dans la vieille demeure de province, Annette et Pauline vont se r\u00e9apprendre, se red\u00e9couvrir, renouer des liens si fortement d\u00e9nou\u00e9s, se regarder, s\u2019apaiser.<\/p>\n<h3>Samedi 7 mai 16 h 30 &#8211; Salle Pierre Lamy : Affaire Gu\u00eapes de Serge Valletti &#8211; Troupe du songe <\/h3>\n<p>Pour cette pi\u00e8ce de Serge Valletti, auteur contemporain, la Troupe Aubagnaise a mis les petits d\u00e9cors dans les grands et lib\u00e8re pour les besoins du fou rire un bestiaire d\u00e9cha\u00een\u00e9 de crabes, d\u2019\u00e2nes, de langoustes bifrontales, de caniches \u2026et bien s\u00fbr de gu\u00eapes.<br \/>\nC\u2019est antique et c\u2019est contemporain. C\u2019est Aristophane avec l\u2019accent de Marseille. C\u2019est truculent, d\u00e9jant\u00e9, grin\u00e7ant, loufoque.<\/p>\n<h3>Samedi 7 mai 18 h 30 &#8211; Th\u00e9\u00e2tre de l\u2019Echange : Le refuge de James Saunders &#8211; C\u00f4t\u00e9 cour \u2013 c\u00f4t\u00e9 Jardin <\/h3>\n<p>\u00ab Le refuge \u00bb Harold, chroniqueur humoristique, a vendu  sa maison de Londres et il habite maintenant dans un cottage isol\u00e9 du Pays de Galles o\u00f9 il vit avec sa fille Debbie.<br \/>\nD\u00e9barque Hannah, la fille de ses meilleurs amis morts dans un accident d\u2019avion, de retour d\u2019une longue ann\u00e9e d\u2019errance en Inde o\u00f9 quelque part par l\u00e0. Elle vient troubler la qui\u00e9tude d\u2019Harold<\/p>\n<h3>Samedi 7 mai 21 h 00 &#8211; Salle Pierre Lamy : Deux tickets pour le paradis de jean Paul Al\u00e8gre &#8211; EnVie Th\u00e9\u00e2tre <\/h3>\n<p>Un jeune homme, Jeff, arrive dans ce qui para\u00eet bien \u00eatre le paradis, mais personne ne semble attendre sa venue.  Il y est accueilli par un Saint-Pierre bougon mais brave homme, une Marie p\u00e9tulante mais n\u00e9anmoins tr\u00e8s influente, un Dieu sympathique quoiqu\u2019un tantinet d\u00e9bord\u00e9, et \u2026Ang\u00e9lique, sublime inconnu de nos cat\u00e9chismes\u2026<br \/>\nMais les fichiers c\u00e9lestes laissent \u00e0 d\u00e9sirer et Saint-Pierre ne parvient pas \u00e0 identifier ce nouveau-mort dont la m\u00e9moire est aussi vide que la valise qui est mont\u00e9e tout droit avec lui. Cette amn\u00e9sie va paradoxalement se transformer en pr\u00e9texte existentiel. Les questions fuseront de toute part pour Jeff, comme Saint-Pierre, Marie, Dieu et Ang\u00e9lique<\/p>\n<h3>Dimanche 8 mai &#8211; Salle Pierre Lamy <\/h3>\n<p>9 h 30<br \/>\nD\u00e9bat anim\u00e9 par Etienne Perruchon<br \/>\n\u00ab\u00a0La musique de sc\u00e8ne, la musique pour le th\u00e9\u00e2tre, le th\u00e9\u00e2tre musical\u00a0\u00bb<br \/>\n11 h 00<br \/>\nRemise de prix<\/p>\n<p>[\/toggle_box]<\/p>\n<h2>HISTORIQUE DU FESTIVAL<\/h2>\n<p>En 2008, \u00e0 l\u2019occasion du 80\u00e8me anniversaire, les Escholiers cr\u00e9ent le 1er festival de th\u00e9\u00e2tre amateur d\u2019Annecy.<br \/>\nSuite au succ\u00e8s remport\u00e9, la ville d\u2019Annecy a encourag\u00e9 l&rsquo;association \u00e0 renouveler cette manifestation.<br \/>\nLe festival a lieu toutes des ann\u00e9es, pendant 5 jours \u00e0 l\u2019occasion du week-end de l\u2019Ascension.<\/p>\n<h2>SES DIFF\u00c9RENTS OBJECTIFS SONT<\/h2>\n<p># R\u00e9unir des troupes amateurs de toute la France et de l\u2019\u00e9tranger.<br \/>\n# Leur permettre de se d\u00e9couvrir, de partager et d\u2019\u00e9changer pendant 5 jours (repas en commun, m\u00eame lieu d\u2019h\u00e9bergement, accessibilit\u00e9 \u00e0 toutes les pi\u00e8ces, d\u00e9bat anim\u00e9 par le parrain).<br \/>\n# Proposer au public un \u00e9ventail de tout genre : classique, contemporain, com\u00e9die, drame, com\u00e9die musicale, vaudeville, th\u00e9\u00e2tre de l\u2019absurde\u2026<br \/>\n# Offrir des tarifs attractifs et d\u00e9gressifs<br \/>\n# Cr\u00e9er un \u00e9v\u00e8nement majeur autour du th\u00e9\u00e2tre.<\/p>\n<h2>\u00c9VOLUTION DU FESTIVAL<\/h2>\n<p>Au cours de ces sept ann\u00e9es, le festival n\u2019a cess\u00e9 d\u2019\u00e9voluer. Ainsi, le nombre de repr\u00e9sentations est pass\u00e9 de 10 \u00e0 15. Sa notori\u00e9t\u00e9 \u00e0 travers la France et l\u2019Europe a \u00e9galement progress\u00e9 ainsi que le nombre de postulants.<br \/>\nLe festival s\u2019est aussi enrichi d\u2019animation dans la ville d\u2019Annecy : d\u00e9fil\u00e9 de groupes musicaux, spectacle d\u2019impro, repr\u00e9sentation dans un bar, librairie.<br \/>\nLe travail avec des jeunes est \u00e9galement apparu important:<br \/>\n# Repr\u00e9sentation par une troupe de lyc\u00e9ens<br \/>\n# Repr\u00e9sentations par des troupes d\u2019adolescents<br \/>\n# Spectacles d\u2019ouverture par la troupe des \u00ab Petits Escholiers \u00bb<br \/>\n# S\u00e9ances scolaires<br \/>\nEnfin, depuis 2014, la troupe des Petits Escholiers, \u00e2g\u00e9s de 10 \u00e0 16 ans a int\u00e9gr\u00e9 le groupe des b\u00e9n\u00e9voles et participent activement au festival (accueil des troupes, billetterie, restauration\u2026.).<\/p>\n<h2>PROJETS \u00c0 VENIR<\/h2>\n<p>D\u00e9j\u00e0 plusieurs id\u00e9es ont \u00e9merg\u00e9 et sont en cours de d\u00e9veloppement pour cette ann\u00e9e et les ann\u00e9es suivantes :<br \/>\n# Proposer une repr\u00e9sentation en th\u00e9\u00e2tro-description (malvoyants)<br \/>\n# Sollicitation aupr\u00e8s de la F\u00e9d\u00e9ration de Th\u00e9\u00e2tre Amateur pour que le festival devienne \u00ab festival national \u00bb<br \/>\n# Trouver un lieu convivial pour que spectateurs et com\u00e9diens se retrouvent et \u00e9changent autour d\u2019un verre<\/p>\n<h2>INSCRIPTION<\/h2>\n<p>Les inscriptions pour le 9\u00e8me festival des Escholiers sont closes.<\/p>\n<h2>EN IMAGES<\/h2>\n<p>Cr\u00e9dits photo (c) <a href=\"http:\/\/yannickperrin.free.fr\/\" target=\"_blank\">Yannick Perrin<\/a><\/p>\n<p>Vous pouvez <a href=\"https:\/\/drive.google.com\/file\/d\/0B7w6SE08OLxVR3pzdWpjRkpkYTA\/view?usp=sharing\">ici t\u00e9l\u00e9charger l&rsquo;ensemble des photos officielles du festival<\/a>. (si vous souhaitez une meilleure d\u00e9finition : nous consulter).<\/p>\n","protected":false},"excerpt":{"rendered":"<p>PALMARES Prix public Soeurs de G\u00e9rard Levoyer I Have a dream Prix jeune Porte de Montreuil de L\u00e9a Fazer Th\u00e9\u00e2tre d\u00e9paraill\u00e9 Prix coup de coeur Le Refuge de James Saunders Cot\u00e9 cours-cot\u00e9 jardin Prix ville d&rsquo;Annecy L&rsquo;amour dans une usine&#8230;<\/p>\n","protected":false},"author":1,"featured_media":0,"parent":303,"menu_order":0,"comment_status":"closed","ping_status":"closed","template":"template-four-column.php","meta":{"_exactmetrics_skip_tracking":false,"_exactmetrics_sitenote_active":false,"_exactmetrics_sitenote_note":"","_exactmetrics_sitenote_category":0,"footnotes":""},"class_list":["post-1198","page","type-page","status-publish","hentry"],"_links":{"self":[{"href":"https:\/\/lesescholiers.fr\/site\/wp-json\/wp\/v2\/pages\/1198","targetHints":{"allow":["GET"]}}],"collection":[{"href":"https:\/\/lesescholiers.fr\/site\/wp-json\/wp\/v2\/pages"}],"about":[{"href":"https:\/\/lesescholiers.fr\/site\/wp-json\/wp\/v2\/types\/page"}],"author":[{"embeddable":true,"href":"https:\/\/lesescholiers.fr\/site\/wp-json\/wp\/v2\/users\/1"}],"replies":[{"embeddable":true,"href":"https:\/\/lesescholiers.fr\/site\/wp-json\/wp\/v2\/comments?post=1198"}],"version-history":[{"count":15,"href":"https:\/\/lesescholiers.fr\/site\/wp-json\/wp\/v2\/pages\/1198\/revisions"}],"predecessor-version":[{"id":1419,"href":"https:\/\/lesescholiers.fr\/site\/wp-json\/wp\/v2\/pages\/1198\/revisions\/1419"}],"up":[{"embeddable":true,"href":"https:\/\/lesescholiers.fr\/site\/wp-json\/wp\/v2\/pages\/303"}],"wp:attachment":[{"href":"https:\/\/lesescholiers.fr\/site\/wp-json\/wp\/v2\/media?parent=1198"}],"curies":[{"name":"wp","href":"https:\/\/api.w.org\/{rel}","templated":true}]}}