{"id":116,"date":"2014-05-25T21:46:07","date_gmt":"2014-05-25T20:46:07","guid":{"rendered":"https:\/\/lesescholiers.fr\/site\/?page_id=116"},"modified":"2026-03-09T21:55:57","modified_gmt":"2026-03-09T20:55:57","slug":"ils-ont-joue","status":"publish","type":"page","link":"https:\/\/lesescholiers.fr\/site\/ils-ont-joue\/","title":{"rendered":"Ils ont jou\u00e9"},"content":{"rendered":"<div class=\"wpb-content-wrapper\">[vc_row][vc_column][vc_column_text css=\u00a0\u00bb\u00a0\u00bb]<p>Historique des pi\u00e8ces pass\u00e9es&#8230;<br>(Titre \/\/ Auteur \/\/ Metteur en sc\u00e8ne)<\/p>\n<p><strong>2025 <\/strong><a href=\"https:\/\/lesescholiers.fr\/site\/le-repas-des-fauves\/\">Le repas des fauves<\/a> <strong>\/\/<\/strong>Vah\u00e9 Katcha \/\/ Michel Bot<strong><br>2024 <\/strong><a href=\"https:\/\/lesescholiers.fr\/site\/casse\/\">Cass\u00e9<\/a>\/\/R\u00e9mi De Vos \/\/ Michel Bot<strong><br>2023 <\/strong><a href=\"https:\/\/lesescholiers.fr\/site\/arsenic-et-vieille-dentelle\/\">Arsenic et vieilles dentelles<\/a>\/\/Joseph Kesselring \/\/ Michel Bot<strong><br>2022<\/strong> <a href=\"https:\/\/lesescholiers.fr\/site\/linvitation-au-chateau\/\">L&rsquo;invitation au ch\u00e2teau<\/a> \/\/Jean Anouilh \/\/ Benjamin De Rossi<br><strong>2021-2022<\/strong> <a href=\"https:\/\/lesescholiers.fr\/site\/les-palmes-de-m-schutz\/\">Les Palmes de M. Schutz<\/a> \/\/Jean-No\u00ebl Fenwick \/\/ Benjamin De Rossi<br><strong>2021<\/strong> <a href=\"https:\/\/lesescholiers.fr\/site\/fin-de-partie\/\">Fin de partie<\/a> \/\/ Samuel Beckett \/\/ Guillaume-Louis Maddaleno<br><strong>2019<\/strong> <a href=\"https:\/\/lesescholiers.fr\/site\/legende-dune-vie\/\">L\u00e9gende d&rsquo;une vie<\/a> \/\/ Stephan Zweig \/\/ Benjamin De Rossi<br><strong>2019<\/strong> <a href=\"https:\/\/lesescholiers.fr\/site\/un-grain-de-poesie\/\">Un grain de po\u00e9sie<\/a> \/\/ Eug\u00e8ne O\u2019Neill \/\/ Aymeric Chauffert<br><strong>2018<\/strong> <a title=\"12 hommes en col\u00e8re\" href=\"https:\/\/lesescholiers.fr\/site\/10-petits-negres\/\">Devinez qui<\/a> \/\/ S\u00e9bastien Azzopardi d\u2019apr\u00e8s Agatha Christie \/\/ Aymeric Chauffert<br><strong>2017<\/strong> <a title=\"12 hommes en col\u00e8re\" href=\"https:\/\/lesescholiers.fr\/site\/12-hommes-colere\/\">12 hommes en col\u00e8re<\/a> \/\/ R. Rose \/\/ Aymeric Chauffert<br><strong>2017<\/strong> <a title=\"Esp\u00e8ces menac\u00e9es\" href=\"https:\/\/lesescholiers.fr\/site\/especes-menacees\/\">Esp\u00e8ces menac\u00e9es<\/a> \/\/ R. Cooney \/\/ Bernard Walser<br><strong>2017 <\/strong>Devine qui vient souper \/\/ Michel Tournade \/\/ Benjamin De Rossi<br><strong>2016<\/strong> <a title=\"Jours sans fin\" href=\"https:\/\/lesescholiers.fr\/site\/jours-sans-fin\/\">Jours sans fin<\/a> \/\/ E. O&rsquo;neill \/\/ Aymeric Chauffert<br><span style=\"color: #000000;\"><strong>2016<\/strong> <a style=\"color: #000000;\" title=\"L'importance d'\u00eatre constant\" href=\"https:\/\/lesescholiers.fr\/site\/limportance-detre-constant\/\" target=\"_blank\" rel=\"noopener noreferrer\">L&rsquo;importance d&rsquo;\u00eatre constant<\/a> \/\/ O. Wilde \/\/ Bernard Walser<br><strong>2015<\/strong> <a style=\"color: #000000;\" title=\"Deux Feydeau Sinon rien\" href=\"https:\/\/lesescholiers.fr\/site\/soiree-feydeau\/\">Deux Feydeau Sinon rien<\/a> \/\/ G. Feydeau \/\/ Aymeric Chauffert<\/span><br><span style=\"color: #000000;\"><strong>2014<\/strong><a style=\"color: #000000;\" title=\"Klaxon\" href=\"https:\/\/lesescholiers.fr\/site\/klaxon-trompettes-et-petarades\/\" target=\"_blank\" rel=\"noopener noreferrer\"> Klaxon, Trompettes&#8230; et P\u00e9tarades!<\/a> \/\/ D. Fo \/\/ Bernard Walser<br><strong>2014 <\/strong><a style=\"color: #000000;\" title=\"Lysistrata\" href=\"https:\/\/lesescholiers.fr\/site\/compagnie\/ils-ont-joue\/lysistrata\/\">Lysistrata<\/a> \/\/ Y. Pradel\/Aristophane \/\/ Aymeric Chauffert<\/span><br><span style=\"color: #000000;\"><a style=\"color: #000000;\" title=\"Le mandat\" href=\"https:\/\/lesescholiers.fr\/site\/compagnie\/ils-ont-joue\/le-mandat\/\"><strong>2013<\/strong> Le Mandat <\/a> \/\/ N. Erdmann \/\/Aymeric Chauffert<br>La pastorale des santons de Provence \/\/ Audiard \/\/ Laurent Tabourot<br><strong>2012<\/strong> Le Dindon \/\/ G. Feydeau \/\/ Aymeric Chauffert<br>La pastorale des santons de Provence \/\/&nbsp;Audiard \/\/&nbsp;Laurent Tabourot<br><strong>2011<\/strong>&nbsp;Batailles \/\/&nbsp;J. M. Ribes \/\/&nbsp;Aymeric Chauffert<br>Huit Femmes \/\/&nbsp;R. Thomas \/\/&nbsp;Aymeric Chauffert<br>La pastorale des santons de Provence \/\/&nbsp;Audiard \/\/&nbsp;Laurent Tabourot<br><strong>2010<\/strong>&nbsp;La nuit de Valognes \/\/&nbsp;E. E. Schmitt \/\/&nbsp;Aymeric Chauffert<br><strong>2009<\/strong>&nbsp;Les femmes savantes \/\/&nbsp;Moli\u00e8re \/\/&nbsp;Aymeric Chauffert<br><strong>2008<\/strong>&nbsp;La puce \u00e0 l\u2019oreille \/\/&nbsp;G. Feydeau \/\/&nbsp;Aymeric Chauffert<br><strong>2007<\/strong>&nbsp;Le spectateur condamn\u00e9 \u00e0 mort \/\/&nbsp;M. Visnieck \/\/&nbsp;Aymeric Chauffert<br><strong>2006<\/strong>&nbsp;A chacun sa v\u00e9rit\u00e9 \/\/&nbsp;L. Pirandello \/\/&nbsp;Aymeric Chauffert<br><strong>2005<\/strong>&nbsp;&nbsp;Je veux voir Mioussov \/\/&nbsp;V. Kataev \/\/&nbsp;Aymeric Chauffert<br><strong>2004<\/strong>&nbsp;Un chapeau de paille d\u2019Italie \/\/&nbsp;E. Labiche \/\/&nbsp;Aymeric Chauffert<br>Hortense a dit je m\u2019en fous \/\/&nbsp;G. Feydeau \/\/&nbsp;Jean-Marc Patron<br><strong>2003<\/strong>&nbsp;&nbsp;Beaucoup de bruit pour rien \/\/&nbsp;W. Shakespeare \/\/&nbsp;Aymeric Chauffert<br><strong>2002<\/strong>&nbsp;&nbsp;L\u2019\u00e9ventail de Lady Windermere \/\/&nbsp;O. Wilde \/\/&nbsp;Aymeric Chauffert<br><strong>2001<\/strong>&nbsp;&nbsp;La guerre de Troie n\u2019aura pas lieu \/\/&nbsp;J. Giraudoux \/\/&nbsp;Aymeric Chauffert<br><strong>2000<\/strong>&nbsp;&nbsp;Un fil \u00e0 la patte \/\/&nbsp;G. Feydeau \/\/&nbsp;Aymeric Chauffert<br>Devine qui vient souper ce soir ? \/\/&nbsp;M. Tournade \/\/&nbsp;Gil De Lall\u00e9e<br>En attendant le P\u00e8re No\u00ebl : contes savoyards \/\/&nbsp;Laurent Tabourot<br><strong>1999<\/strong>&nbsp;L\u2019\u00e9ventail \/\/&nbsp;C. Goldoni \/\/&nbsp;Aymeric Chauffert<br><strong>1998<\/strong>&nbsp;Tartuffe \/\/&nbsp;Moli\u00e8re \/\/&nbsp;Gil de Lall\u00e9e<br><strong>1997<\/strong>&nbsp;Au perroquet vert \/\/&nbsp;A. Schnitzler \/\/&nbsp;Gil De Lall\u00e9e<br>La ronde \/\/&nbsp;A. Schnitzler \/\/&nbsp;Gil De Lall\u00e9e<br><strong>1996<\/strong>&nbsp;&#8230; Et \u00e0 la fin \u00e9tait le bang \/\/&nbsp;R. de Obaldia \/\/&nbsp;Gil de Lall\u00e9e<br><strong>1995&nbsp;<\/strong>Ce soir on improvise \/\/&nbsp;L. Pirandello \/\/&nbsp;Gil De Lall\u00e9e<br><strong>1994<\/strong>&nbsp;La convention Belz\u00e9bir \/\/&nbsp;M. Aym\u00e9 \/\/&nbsp;Gil De Lall\u00e9e<br><strong>1993<\/strong>&nbsp;Les cailloux \/\/&nbsp;F. Marceau \/\/&nbsp;Gil De Lall\u00e9e<br>La pastorale des santons de Provence \/\/&nbsp;Audiard \/\/&nbsp;Claire Lanier<br><strong>1992<\/strong>&nbsp;Le vieillard jaloux \/\/&nbsp;Cervantes \/\/&nbsp;Gil De Lall\u00e9e<br><strong>1991<\/strong>&nbsp;La meuni\u00e8re d\u2019Arcos \/\/&nbsp;A. Casona \/\/&nbsp;Gil De Lall\u00e9e<br><strong>1990<\/strong>&nbsp;Lysistrata \/\/&nbsp;Aristophane \/\/&nbsp;Fran\u00e7ois Lanier<br><strong>1989<\/strong>&nbsp;Les tribulations d\u2019un chinois en Chine \/\/&nbsp;Fran\u00e7ois Lanier<br><strong>1988<\/strong>&nbsp;Un chapeau de paille d\u2019Italie \/\/&nbsp;E. Labiche \/\/&nbsp;Fran\u00e7ois Lanier<br><strong>1987<\/strong>&nbsp;Cavalleria rusticana Mascagni \/\/&nbsp;Gil De Lall\u00e9e<br>La jarre \/\/&nbsp;L. Pirandello \/\/&nbsp;Fran\u00e7ois Lanier<br>La peur des coups<br><strong>1986<\/strong>&nbsp;La machine infernale \/\/&nbsp;J. Cocteau \/\/&nbsp;Alain Lewi<br>Et les mots pour le rire \/\/&nbsp;Montage Fran\u00e7ois Lanier<br><strong>1984<\/strong>&nbsp;Le songe d\u2019une nuit d\u2019\u00e9t\u00e9 \/\/&nbsp;W. Shakespeare \/\/&nbsp;Fran\u00e7ois Lanier<br><strong>1982<\/strong>&nbsp;Barouf \u00e0 Chioggia \/\/&nbsp;C. Goldoni \/\/&nbsp;Fran\u00e7ois Lanier<br><strong>1981<\/strong>&nbsp;Embarquement pour cyth\u00e8re \/\/&nbsp;Montage Fran\u00e7ois Lanier<br><strong>1980<\/strong>&nbsp;La C\u00e9lestine \/\/&nbsp;F. de Rojas \/\/&nbsp;Fran\u00e7ois Lanier<br><strong>1978&nbsp;<\/strong>Le roi s\u2019amuse \/\/&nbsp;Victor Hugo \/\/&nbsp;Yves Rifaux<br>50 carats \/\/&nbsp;Montage Fran\u00e7ois Lanier<br>Deutsches Requiem \/\/&nbsp;P. Bougeade \/\/&nbsp;Marc Brueder<br><strong>1977<\/strong>&nbsp;L\u2019\u00eele aux esclaves \/\/&nbsp;Marivaux \/\/&nbsp;Marc Brueder<br>La farce du chaudronnier<br><strong>1976<\/strong>&nbsp;Le baladin du monde occidental \/\/&nbsp;J.M. Syng \/\/&nbsp;Henri Vernet<br><strong>1975<\/strong>&nbsp;No\u00ebl sur la Place \/\/&nbsp;H. Gh\u00e9on \/\/&nbsp;Gil De Lall\u00e9e<br>Les folles dramatiques \/\/&nbsp;Yves Rifaux<br><strong>1974<\/strong>&nbsp;Rocambole \/\/&nbsp;Ponson du Terrail \/\/&nbsp;Yves Rifaux<br><strong>1973<\/strong>&nbsp;Le constructeur \/\/&nbsp;Solness H. Ibsen \/\/&nbsp;Yves Rifaux<br><strong>1972<\/strong>&nbsp;Monsieur Mockinpott ou comment Monsieur Mockinpott fut lib\u00e9r\u00e9 de ses tourments<br>\/\/&nbsp;P. Weiss \/\/&nbsp;Andr\u00e9 Folliet<br><strong>1971<\/strong>&nbsp;Le cosmonaute agricole \/\/&nbsp;R. de Obaldia \/\/&nbsp;Andr\u00e9 Folliet<br><strong>1970<\/strong>&nbsp;La pelisse \/\/&nbsp;Gogol \/\/&nbsp;Marc Brueder<br><strong>1969<\/strong>&nbsp;L\u2019humour \/\/&nbsp;Montage Gil De Lall\u00e9e<br>Jacques ou la soumission \/\/&nbsp;E. Ionesco \/\/&nbsp;Marc Brueder<br><strong>1968<\/strong>&nbsp;Le proc\u00e8s de la truite \/\/&nbsp;H. Deblue \/\/&nbsp;Marc Brueder<br><strong>1967<\/strong>&nbsp;Junon et le paon \/\/&nbsp;S. O\u2019Casey \/\/&nbsp;Marc Brueder<br><strong>1966<\/strong>&nbsp;L\u2019\u00e9pid\u00e9mie \/\/&nbsp;O. Mirbeau<br><strong>1965<\/strong>&nbsp;La nuit du 16 janvier \/\/&nbsp;K. Faulkner \/\/&nbsp;Fran\u00e7ois Lanier<br><strong>1964<\/strong>&nbsp;Le masque<br>La derni\u00e8re bande \/\/&nbsp;Fran\u00e7ois Lanier<br>Les m\u00e9faits du tabac \/\/&nbsp;A. Tchekhov \/\/&nbsp;Henri Vernet<br>Les folies amoureuses \/\/&nbsp;J.F. Regnard \/\/&nbsp;Henri Vernet<br><strong>1963<\/strong>&nbsp;L\u2019\u00e9pid\u00e9mie \/\/&nbsp;Mirbeau \/\/&nbsp;Fran\u00e7ois Lanier<br>Parlez-moi d\u2019amour \/\/&nbsp;Montage Fran\u00e7ois Lanier<br><strong>1962<\/strong>&nbsp;Celui qui vivait sa mort \/\/&nbsp;M. Achard \/\/&nbsp;Henri Vernet<br>Un d\u00e9jeuner d\u2019amoureux \/\/&nbsp;A. Birabeau \/\/&nbsp;Jean Centonze<br>La saveti\u00e8re prodigieuse \/\/&nbsp;F. Garcia Lorca \/\/&nbsp;Yves Rifaux<br><strong>1961<\/strong>&nbsp;Philippe et Jonas \/\/&nbsp;I. Shaw \/\/&nbsp;Henri Vernet<br>La farce du cuvier<br><strong>1960<\/strong>Les deux timides \/\/&nbsp;E. Labiche \/\/&nbsp;Jean Nazet<br>Les temps qui courent : magazine vivant 1860 \/\/&nbsp;Montage Jean Nazet<br><strong>1958<\/strong>&nbsp;Le pharmacien \/\/&nbsp;M. Maurey \/\/&nbsp;Albert Vaglio<br>La guerre de trente ans \/\/&nbsp;J. Variot \/\/&nbsp;Albert Vaglio<br>Le retable des merveilles \/\/&nbsp;Cervantes \/\/&nbsp;Gabriel Monnet<br><strong>1957<\/strong>&nbsp;Les deux timides \/\/&nbsp;E. Labiche<br><strong>1956<\/strong>&nbsp;L\u2019arl\u00e9sienne \/\/&nbsp;A. Daudet \/\/&nbsp;Marcel Paston<br><strong>1954<\/strong>&nbsp;Un d\u00e9jeuner d\u2019amoureux<br>Octave \/\/&nbsp;Y. Mirande \/\/&nbsp;Marcel Paston<br>Le cheval de cirque<br>Une demande en mariage \/\/&nbsp;Tch\u00e9ckov \/\/&nbsp;Marcel Paston<br><strong>1953<\/strong>&nbsp;Une bonne soir\u00e9e \/\/&nbsp;Gheri<br><strong>1952<\/strong>&nbsp;Les plaideurs \/\/&nbsp;Racine \/\/&nbsp;Marcel Paston<br><strong>1951<\/strong>&nbsp;La marguerite \/\/&nbsp;A. Salacrou \/\/&nbsp;Marcel Paston<br>A souffert sous Ponce Pilate \/\/&nbsp;Marcel Paston<br><strong>1950<\/strong>&nbsp;Volpone \/\/&nbsp;B. Jonson \/\/&nbsp;Marcel Paston<br><strong>1948<\/strong>&nbsp;Les fr\u00e8res Karamazov \/\/&nbsp;Dostoievski \/\/&nbsp;Marcel Paston<br>L\u2019impromptu de la m\u00e9decine<br>Les olives<br>Rosalie<br><strong>1946<\/strong>Les jours heureux \/\/&nbsp;C.A. Puget \/\/&nbsp;Marcel Paston<br>Un caprice<br>Apr\u00e8s nous \/\/&nbsp;Mycho<br>La paix chez soi \/\/&nbsp;Courteline<br><strong>1945<\/strong>&nbsp;Les trois masques \/\/&nbsp;C. M\u00e9r\u00e9 \/\/&nbsp;Marcel Paston<br>La d\u00e9laiss\u00e9e&nbsp;\/\/ M. Maurey \/\/&nbsp;Marcel Paston<br>Une bonne soir\u00e9e \/\/&nbsp;Gheri \/\/&nbsp;Marcel Paston<br>Humulus le muet<br>On\u00e9sime aux sports d\u2019hiver \/\/&nbsp;Reignier<br>Camp de jeunesse<br><strong>1944<\/strong>&nbsp;La d\u00e9laiss\u00e9e \/\/&nbsp;M. Maurey<br><strong>1943<\/strong>&nbsp;Chabichou<br><strong>1942<\/strong>&nbsp;L\u2019amour m\u00e9decin Moli\u00e8re \/\/&nbsp;Albert Savry<br><strong>1941<\/strong>&nbsp;Il faut qu\u2019une porte soit ouverte ou ferm\u00e9e<br>Une bonne soir\u00e9e<br>La poup\u00e9e \u00e0 musique<br><strong>1939<\/strong>&nbsp;Maldonne \/\/&nbsp;J. Gille \/\/&nbsp;Mme Bernasconi<br>Un d\u00e9jeuner d\u2019amoureux A. Birabeau<br><strong>1938<\/strong>&nbsp;Je veux me marier<br>Fant\u00f4me \u00e0 louer<br>Monsieur Tranquille<br>Autour de la Joconde \/\/&nbsp;R. Souplex<br><strong>1937<\/strong>&nbsp;On demande un bandit \/\/&nbsp;M. R\u00e9gnier<br>Ordonnance par amour C. Rostand<br><strong>1936<\/strong>&nbsp;Feu la m\u00e8re de Madame<br>Fausse monnaie<br>Le lendemain du Ventoux \/\/&nbsp;P. Guitton<br>Autour de la Joconde \/\/&nbsp;R. Souplex<br><strong>1935<\/strong>&nbsp;L\u2019arl\u00e9sienne \/\/&nbsp;A. Daudet \/\/&nbsp;Mme Bernasconi<br>Argent de suite \/\/&nbsp;Hervillez<br>Martine \/\/&nbsp;J.J. Bernard \/\/&nbsp;Mme Bernasconi<br><strong>1934<\/strong>&nbsp;Le m\u00e9decin malgr\u00e9 lui \/\/&nbsp;Moli\u00e8re \/\/&nbsp;Albert Savry<br><strong>1933<\/strong>&nbsp;Le pacha<br>Feu la m\u00e8re de Madame<br>Pour 7h 1\/4 et demie \/\/&nbsp;H. Clerc<br>La nuit d\u2019auberge \/\/&nbsp;G. Nigoud<br>Nounouche \/\/&nbsp;H. Duvernos<br><strong>1932<\/strong>&nbsp;La fable \u00e0 Toto<br>Frangy-Panne<br>Affaire Plumepatte<br>Les romanesques \/\/&nbsp;E. Rostand \/\/&nbsp;Albert Savry<br>Monsieur Tranquille<br>Ce que femme veut<br>Le gendarme est sans piti\u00e9<br><strong>1931<\/strong>&nbsp;Asile de nuit \/\/&nbsp;Maurey \/\/&nbsp;Albert Savry<br>La confession de Genevi\u00e8ve \/\/&nbsp;H. Davignon \/\/&nbsp;Albert Savry<br>Le flibustier \/\/&nbsp;J. Richepin \/\/&nbsp;Albert Savry<br>Un caprice<br>Th\u00e9odore cherche des allumettes \/\/&nbsp;Courteline<br>Le verre de vin blanc<br>La recommandation<br><strong>1930<\/strong>&nbsp;La princesse lointaine \/\/&nbsp;E. Rostand \/\/&nbsp;Albert Savry<br>D\u00e9lit de chasse \/\/&nbsp;R. Francheville<br>Rosalie<br><strong>1929<\/strong>Le secret d\u2019Arvers \/\/&nbsp;Albert Savry<br>Gringoire \/\/&nbsp;T. de Banville \/\/&nbsp;Albert Savry<br><strong>1928<\/strong>&nbsp;Socrate et sa femme \/\/&nbsp;T. de Banville<br>Les deux timides \/\/&nbsp;E. Labiche<br>D\u00e9lit de chasse \/\/ R. Francheville<\/span><\/p>[\/vc_column_text][\/vc_column][\/vc_row]<\/div>","protected":false},"excerpt":{"rendered":"<p>[vc_row][vc_column][vc_column_text css=\u00a0\u00bb\u00a0\u00bb] Historique des pi\u00e8ces pass\u00e9es&#8230;(Titre \/\/ Auteur \/\/ Metteur en sc\u00e8ne) 2025 Le repas des fauves \/\/Vah\u00e9 Katcha \/\/ Michel Bot2024 Cass\u00e9\/\/R\u00e9mi De Vos \/\/ Michel Bot2023 Arsenic et vieilles dentelles\/\/Joseph Kesselring \/\/ Michel Bot2022 L&rsquo;invitation au ch\u00e2teau \/\/Jean&#8230;<\/p>\n","protected":false},"author":1,"featured_media":0,"parent":0,"menu_order":0,"comment_status":"closed","ping_status":"closed","template":"","meta":{"_exactmetrics_skip_tracking":false,"_exactmetrics_sitenote_active":false,"_exactmetrics_sitenote_note":"","_exactmetrics_sitenote_category":0,"footnotes":""},"class_list":["post-116","page","type-page","status-publish","hentry"],"_links":{"self":[{"href":"https:\/\/lesescholiers.fr\/site\/wp-json\/wp\/v2\/pages\/116","targetHints":{"allow":["GET"]}}],"collection":[{"href":"https:\/\/lesescholiers.fr\/site\/wp-json\/wp\/v2\/pages"}],"about":[{"href":"https:\/\/lesescholiers.fr\/site\/wp-json\/wp\/v2\/types\/page"}],"author":[{"embeddable":true,"href":"https:\/\/lesescholiers.fr\/site\/wp-json\/wp\/v2\/users\/1"}],"replies":[{"embeddable":true,"href":"https:\/\/lesescholiers.fr\/site\/wp-json\/wp\/v2\/comments?post=116"}],"version-history":[{"count":50,"href":"https:\/\/lesescholiers.fr\/site\/wp-json\/wp\/v2\/pages\/116\/revisions"}],"predecessor-version":[{"id":6572,"href":"https:\/\/lesescholiers.fr\/site\/wp-json\/wp\/v2\/pages\/116\/revisions\/6572"}],"wp:attachment":[{"href":"https:\/\/lesescholiers.fr\/site\/wp-json\/wp\/v2\/media?parent=116"}],"curies":[{"name":"wp","href":"https:\/\/api.w.org\/{rel}","templated":true}]}}